{"id":2446,"date":"2022-05-26T18:26:44","date_gmt":"2022-05-26T18:26:44","guid":{"rendered":"https:\/\/pauloverissimo.pt\/orcamentos-gratuitos\/"},"modified":"2022-11-30T18:06:36","modified_gmt":"2022-11-30T18:06:36","slug":"bilancio","status":"publish","type":"page","link":"https:\/\/pauloverissimo.pt\/it\/bilancio\/","title":{"rendered":"Bilancio"},"content":{"rendered":"","protected":false},"excerpt":{"rendered":"","protected":false},"author":1,"featured_media":0,"parent":0,"menu_order":0,"comment_status":"closed","ping_status":"closed","template":"template-orcamento.php","meta":[],"acf":[],"yoast_head":"<!-- This site is optimized with the Yoast SEO plugin v18.9 - https:\/\/yoast.com\/wordpress\/plugins\/seo\/ -->\n<title>Bilancio | Paulo Ver\u00edssimo - Ragioniere certificato<\/title>\n<meta name=\"description\" content=\"Hai bisogno del nostro aiuto? Siamo sempre disponibili per te, per il tuo business e il tuo successo. Chiedici un preventivo gratuito!\" \/>\n<meta name=\"robots\" content=\"index, follow, max-snippet:-1, max-image-preview:large, max-video-preview:-1\" \/>\n<link rel=\"canonical\" href=\"https:\/\/pauloverissimo.pt\/it\/bilancio\/\" \/>\n<meta property=\"og:locale\" content=\"it_IT\" \/>\n<meta property=\"og:type\" content=\"article\" \/>\n<meta property=\"og:title\" content=\"Bilancio | Paulo Ver\u00edssimo - Ragioniere certificato\" \/>\n<meta property=\"og:description\" content=\"Hai bisogno del nostro aiuto? Siamo sempre disponibili per te, per il tuo business e il tuo successo. Chiedici un preventivo gratuito!\" \/>\n<meta property=\"og:url\" content=\"https:\/\/pauloverissimo.pt\/it\/bilancio\/\" \/>\n<meta property=\"og:site_name\" content=\"Paulo Ver\u00edssimo - Contabilista Certificado em S\u00e3o Miguel, A\u00e7ores\" \/>\n<meta property=\"article:modified_time\" content=\"2022-11-30T18:06:36+00:00\" \/>\n<meta name=\"twitter:card\" content=\"summary_large_image\" \/>\n<script type=\"application\/ld+json\" class=\"yoast-schema-graph\">{\"@context\":\"https:\/\/schema.org\",\"@graph\":[{\"@type\":\"WebSite\",\"@id\":\"https:\/\/pauloverissimo.pt\/#website\",\"url\":\"https:\/\/pauloverissimo.pt\/\",\"name\":\"Paulo Ver\u00edssimo - Contabilista Certificado em S\u00e3o Miguel, A\u00e7ores\",\"description\":\"\",\"potentialAction\":[{\"@type\":\"SearchAction\",\"target\":{\"@type\":\"EntryPoint\",\"urlTemplate\":\"https:\/\/pauloverissimo.pt\/?s={search_term_string}\"},\"query-input\":\"required name=search_term_string\"}],\"inLanguage\":\"it-IT\"},{\"@type\":\"WebPage\",\"@id\":\"https:\/\/pauloverissimo.pt\/it\/bilancio\/#webpage\",\"url\":\"https:\/\/pauloverissimo.pt\/it\/bilancio\/\",\"name\":\"Bilancio | Paulo Ver\u00edssimo - Ragioniere certificato\",\"isPartOf\":{\"@id\":\"https:\/\/pauloverissimo.pt\/#website\"},\"datePublished\":\"2022-05-26T18:26:44+00:00\",\"dateModified\":\"2022-11-30T18:06:36+00:00\",\"description\":\"Hai bisogno del nostro aiuto? Siamo sempre disponibili per te, per il tuo business e il tuo successo. Chiedici un preventivo gratuito!\",\"breadcrumb\":{\"@id\":\"https:\/\/pauloverissimo.pt\/it\/bilancio\/#breadcrumb\"},\"inLanguage\":\"it-IT\",\"potentialAction\":[{\"@type\":\"ReadAction\",\"target\":[\"https:\/\/pauloverissimo.pt\/it\/bilancio\/\"]}]},{\"@type\":\"BreadcrumbList\",\"@id\":\"https:\/\/pauloverissimo.pt\/it\/bilancio\/#breadcrumb\",\"itemListElement\":[{\"@type\":\"ListItem\",\"position\":1,\"name\":\"Home\",\"item\":\"https:\/\/pauloverissimo.pt\/it\/\"},{\"@type\":\"ListItem\",\"position\":2,\"name\":\"Bilancio\"}]}]}<\/script>\n<!-- \/ Yoast SEO plugin. -->","yoast_head_json":{"title":"Bilancio | Paulo Ver\u00edssimo - Ragioniere certificato","description":"Hai bisogno del nostro aiuto? Siamo sempre disponibili per te, per il tuo business e il tuo successo. Chiedici un preventivo gratuito!","robots":{"index":"index","follow":"follow","max-snippet":"max-snippet:-1","max-image-preview":"max-image-preview:large","max-video-preview":"max-video-preview:-1"},"canonical":"https:\/\/pauloverissimo.pt\/it\/bilancio\/","og_locale":"it_IT","og_type":"article","og_title":"Bilancio | Paulo Ver\u00edssimo - Ragioniere certificato","og_description":"Hai bisogno del nostro aiuto? Siamo sempre disponibili per te, per il tuo business e il tuo successo. Chiedici un preventivo gratuito!","og_url":"https:\/\/pauloverissimo.pt\/it\/bilancio\/","og_site_name":"Paulo Ver\u00edssimo - Contabilista Certificado em S\u00e3o Miguel, A\u00e7ores","article_modified_time":"2022-11-30T18:06:36+00:00","twitter_card":"summary_large_image","schema":{"@context":"https:\/\/schema.org","@graph":[{"@type":"WebSite","@id":"https:\/\/pauloverissimo.pt\/#website","url":"https:\/\/pauloverissimo.pt\/","name":"Paulo Ver\u00edssimo - Contabilista Certificado em S\u00e3o Miguel, A\u00e7ores","description":"","potentialAction":[{"@type":"SearchAction","target":{"@type":"EntryPoint","urlTemplate":"https:\/\/pauloverissimo.pt\/?s={search_term_string}"},"query-input":"required name=search_term_string"}],"inLanguage":"it-IT"},{"@type":"WebPage","@id":"https:\/\/pauloverissimo.pt\/it\/bilancio\/#webpage","url":"https:\/\/pauloverissimo.pt\/it\/bilancio\/","name":"Bilancio | Paulo Ver\u00edssimo - Ragioniere certificato","isPartOf":{"@id":"https:\/\/pauloverissimo.pt\/#website"},"datePublished":"2022-05-26T18:26:44+00:00","dateModified":"2022-11-30T18:06:36+00:00","description":"Hai bisogno del nostro aiuto? Siamo sempre disponibili per te, per il tuo business e il tuo successo. Chiedici un preventivo gratuito!","breadcrumb":{"@id":"https:\/\/pauloverissimo.pt\/it\/bilancio\/#breadcrumb"},"inLanguage":"it-IT","potentialAction":[{"@type":"ReadAction","target":["https:\/\/pauloverissimo.pt\/it\/bilancio\/"]}]},{"@type":"BreadcrumbList","@id":"https:\/\/pauloverissimo.pt\/it\/bilancio\/#breadcrumb","itemListElement":[{"@type":"ListItem","position":1,"name":"Home","item":"https:\/\/pauloverissimo.pt\/it\/"},{"@type":"ListItem","position":2,"name":"Bilancio"}]}]}},"_links":{"self":[{"href":"https:\/\/pauloverissimo.pt\/it\/wp-json\/wp\/v2\/pages\/2446"}],"collection":[{"href":"https:\/\/pauloverissimo.pt\/it\/wp-json\/wp\/v2\/pages"}],"about":[{"href":"https:\/\/pauloverissimo.pt\/it\/wp-json\/wp\/v2\/types\/page"}],"author":[{"embeddable":true,"href":"https:\/\/pauloverissimo.pt\/it\/wp-json\/wp\/v2\/users\/1"}],"replies":[{"embeddable":true,"href":"https:\/\/pauloverissimo.pt\/it\/wp-json\/wp\/v2\/comments?post=2446"}],"version-history":[{"count":1,"href":"https:\/\/pauloverissimo.pt\/it\/wp-json\/wp\/v2\/pages\/2446\/revisions"}],"predecessor-version":[{"id":2530,"href":"https:\/\/pauloverissimo.pt\/it\/wp-json\/wp\/v2\/pages\/2446\/revisions\/2530"}],"wp:attachment":[{"href":"https:\/\/pauloverissimo.pt\/it\/wp-json\/wp\/v2\/media?parent=2446"}],"curies":[{"name":"wp","href":"https:\/\/api.w.org\/{rel}","templated":true}]}}