{"id":2438,"date":"2022-05-26T18:31:41","date_gmt":"2022-05-26T18:31:41","guid":{"rendered":"https:\/\/pauloverissimo.pt\/contactos\/"},"modified":"2022-12-13T19:01:19","modified_gmt":"2022-12-13T19:01:19","slug":"contatto","status":"publish","type":"page","link":"https:\/\/pauloverissimo.pt\/it\/contatto\/","title":{"rendered":"Contatto"},"content":{"rendered":"","protected":false},"excerpt":{"rendered":"","protected":false},"author":1,"featured_media":0,"parent":0,"menu_order":0,"comment_status":"closed","ping_status":"closed","template":"template-contactos.php","meta":[],"acf":[],"yoast_head":"<!-- This site is optimized with the Yoast SEO plugin v18.9 - https:\/\/yoast.com\/wordpress\/plugins\/seo\/ -->\n<title>Contatto Paulo Verissimo | Contabilit\u00e0, Fiscalit\u00e0 e Gestione | Parla con noi!<\/title>\n<meta name=\"description\" content=\"Con il nostro aiuto troverai un team esperto in grado di aiutarti con servizi contabili, fiscali e molto altro!\" \/>\n<meta name=\"robots\" content=\"index, follow, max-snippet:-1, max-image-preview:large, max-video-preview:-1\" \/>\n<link rel=\"canonical\" href=\"https:\/\/pauloverissimo.pt\/it\/contatto\/\" \/>\n<meta property=\"og:locale\" content=\"it_IT\" \/>\n<meta property=\"og:type\" content=\"article\" \/>\n<meta property=\"og:title\" content=\"Contatto Paulo Verissimo | Contabilit\u00e0, Fiscalit\u00e0 e Gestione | Parla con noi!\" \/>\n<meta property=\"og:description\" content=\"Con il nostro aiuto troverai un team esperto in grado di aiutarti con servizi contabili, fiscali e molto altro!\" \/>\n<meta property=\"og:url\" content=\"https:\/\/pauloverissimo.pt\/it\/contatto\/\" \/>\n<meta property=\"og:site_name\" content=\"Paulo Ver\u00edssimo - Contabilista Certificado em S\u00e3o Miguel, A\u00e7ores\" \/>\n<meta property=\"article:modified_time\" content=\"2022-12-13T19:01:19+00:00\" \/>\n<meta name=\"twitter:card\" content=\"summary_large_image\" \/>\n<script type=\"application\/ld+json\" class=\"yoast-schema-graph\">{\"@context\":\"https:\/\/schema.org\",\"@graph\":[{\"@type\":\"WebSite\",\"@id\":\"https:\/\/pauloverissimo.pt\/#website\",\"url\":\"https:\/\/pauloverissimo.pt\/\",\"name\":\"Paulo Ver\u00edssimo - Contabilista Certificado em S\u00e3o Miguel, A\u00e7ores\",\"description\":\"\",\"potentialAction\":[{\"@type\":\"SearchAction\",\"target\":{\"@type\":\"EntryPoint\",\"urlTemplate\":\"https:\/\/pauloverissimo.pt\/?s={search_term_string}\"},\"query-input\":\"required name=search_term_string\"}],\"inLanguage\":\"it-IT\"},{\"@type\":\"WebPage\",\"@id\":\"https:\/\/pauloverissimo.pt\/it\/contatto\/#webpage\",\"url\":\"https:\/\/pauloverissimo.pt\/it\/contatto\/\",\"name\":\"Contatto Paulo Verissimo | Contabilit\u00e0, Fiscalit\u00e0 e Gestione | Parla con noi!\",\"isPartOf\":{\"@id\":\"https:\/\/pauloverissimo.pt\/#website\"},\"datePublished\":\"2022-05-26T18:31:41+00:00\",\"dateModified\":\"2022-12-13T19:01:19+00:00\",\"description\":\"Con il nostro aiuto troverai un team esperto in grado di aiutarti con servizi contabili, fiscali e molto altro!\",\"breadcrumb\":{\"@id\":\"https:\/\/pauloverissimo.pt\/it\/contatto\/#breadcrumb\"},\"inLanguage\":\"it-IT\",\"potentialAction\":[{\"@type\":\"ReadAction\",\"target\":[\"https:\/\/pauloverissimo.pt\/it\/contatto\/\"]}]},{\"@type\":\"BreadcrumbList\",\"@id\":\"https:\/\/pauloverissimo.pt\/it\/contatto\/#breadcrumb\",\"itemListElement\":[{\"@type\":\"ListItem\",\"position\":1,\"name\":\"Home\",\"item\":\"https:\/\/pauloverissimo.pt\/it\/\"},{\"@type\":\"ListItem\",\"position\":2,\"name\":\"Contatto\"}]}]}<\/script>\n<!-- \/ Yoast SEO plugin. -->","yoast_head_json":{"title":"Contatto Paulo Verissimo | Contabilit\u00e0, Fiscalit\u00e0 e Gestione | Parla con noi!","description":"Con il nostro aiuto troverai un team esperto in grado di aiutarti con servizi contabili, fiscali e molto altro!","robots":{"index":"index","follow":"follow","max-snippet":"max-snippet:-1","max-image-preview":"max-image-preview:large","max-video-preview":"max-video-preview:-1"},"canonical":"https:\/\/pauloverissimo.pt\/it\/contatto\/","og_locale":"it_IT","og_type":"article","og_title":"Contatto Paulo Verissimo | Contabilit\u00e0, Fiscalit\u00e0 e Gestione | Parla con noi!","og_description":"Con il nostro aiuto troverai un team esperto in grado di aiutarti con servizi contabili, fiscali e molto altro!","og_url":"https:\/\/pauloverissimo.pt\/it\/contatto\/","og_site_name":"Paulo Ver\u00edssimo - Contabilista Certificado em S\u00e3o Miguel, A\u00e7ores","article_modified_time":"2022-12-13T19:01:19+00:00","twitter_card":"summary_large_image","schema":{"@context":"https:\/\/schema.org","@graph":[{"@type":"WebSite","@id":"https:\/\/pauloverissimo.pt\/#website","url":"https:\/\/pauloverissimo.pt\/","name":"Paulo Ver\u00edssimo - Contabilista Certificado em S\u00e3o Miguel, A\u00e7ores","description":"","potentialAction":[{"@type":"SearchAction","target":{"@type":"EntryPoint","urlTemplate":"https:\/\/pauloverissimo.pt\/?s={search_term_string}"},"query-input":"required name=search_term_string"}],"inLanguage":"it-IT"},{"@type":"WebPage","@id":"https:\/\/pauloverissimo.pt\/it\/contatto\/#webpage","url":"https:\/\/pauloverissimo.pt\/it\/contatto\/","name":"Contatto Paulo Verissimo | Contabilit\u00e0, Fiscalit\u00e0 e Gestione | Parla con noi!","isPartOf":{"@id":"https:\/\/pauloverissimo.pt\/#website"},"datePublished":"2022-05-26T18:31:41+00:00","dateModified":"2022-12-13T19:01:19+00:00","description":"Con il nostro aiuto troverai un team esperto in grado di aiutarti con servizi contabili, fiscali e molto altro!","breadcrumb":{"@id":"https:\/\/pauloverissimo.pt\/it\/contatto\/#breadcrumb"},"inLanguage":"it-IT","potentialAction":[{"@type":"ReadAction","target":["https:\/\/pauloverissimo.pt\/it\/contatto\/"]}]},{"@type":"BreadcrumbList","@id":"https:\/\/pauloverissimo.pt\/it\/contatto\/#breadcrumb","itemListElement":[{"@type":"ListItem","position":1,"name":"Home","item":"https:\/\/pauloverissimo.pt\/it\/"},{"@type":"ListItem","position":2,"name":"Contatto"}]}]}},"_links":{"self":[{"href":"https:\/\/pauloverissimo.pt\/it\/wp-json\/wp\/v2\/pages\/2438"}],"collection":[{"href":"https:\/\/pauloverissimo.pt\/it\/wp-json\/wp\/v2\/pages"}],"about":[{"href":"https:\/\/pauloverissimo.pt\/it\/wp-json\/wp\/v2\/types\/page"}],"author":[{"embeddable":true,"href":"https:\/\/pauloverissimo.pt\/it\/wp-json\/wp\/v2\/users\/1"}],"replies":[{"embeddable":true,"href":"https:\/\/pauloverissimo.pt\/it\/wp-json\/wp\/v2\/comments?post=2438"}],"version-history":[{"count":3,"href":"https:\/\/pauloverissimo.pt\/it\/wp-json\/wp\/v2\/pages\/2438\/revisions"}],"predecessor-version":[{"id":2594,"href":"https:\/\/pauloverissimo.pt\/it\/wp-json\/wp\/v2\/pages\/2438\/revisions\/2594"}],"wp:attachment":[{"href":"https:\/\/pauloverissimo.pt\/it\/wp-json\/wp\/v2\/media?parent=2438"}],"curies":[{"name":"wp","href":"https:\/\/api.w.org\/{rel}","templated":true}]}}