{"id":1422,"date":"2022-05-30T10:04:40","date_gmt":"2022-05-30T10:04:40","guid":{"rendered":"http:\/\/pauloverissimo.pt\/termos-e-condicoes\/"},"modified":"2022-07-18T16:19:09","modified_gmt":"2022-07-18T16:19:09","slug":"modalites-et-conditions","status":"publish","type":"page","link":"https:\/\/pauloverissimo.pt\/fr\/modalites-et-conditions\/","title":{"rendered":"Termes et Conditions"},"content":{"rendered":"<ol>\n<li><b> Conditions g\u00e9n\u00e9rales<\/b><\/li>\n<\/ol>\n<p><span style=\"font-weight: 400;\">1.1. La soci\u00e9t\u00e9 Paulo C\u00e9sar De Sousa Ver\u00edssimo, dont le si\u00e8ge social est situ\u00e9 \u00e0 R. Castelo Branco, N\u00ba 4-D, 9500-761 Ponta Delgada, personne morale n\u00b0 236542583, qui est \u00e9galement son num\u00e9ro d&rsquo;enregistrement au bureau d&rsquo;enregistrement du commerce de Ponta Delgada, est responsable du site Web <a href=\"http:\/\/www.pauloverissimo.pt\" target=\"_blank\" rel=\"noopener\">www.pauloverissimo.pt<\/a> (ci-apr\u00e8s \u00ab\u00a0site Web\u00a0\u00bb).<\/span><\/p>\n<p><span style=\"font-weight: 400;\">1.2. Vous exprimez votre acceptation et agissez conform\u00e9ment aux conditions d&rsquo;utilisation d\u00e9crites dans les pr\u00e9sentes, ainsi qu&rsquo;\u00e0 toutes les modifications futures de celles-ci, en utilisant le service fourni par Paulo C\u00e9sar De Sousa Ver\u00edssimo sur ce site Web.<\/span><\/p>\n<p><span style=\"font-weight: 400;\">1.3 Dans les termes et conditions mentionn\u00e9s dans les pr\u00e9sentes, chaque fois que les termes \u00ab\u00a0nous\u00a0\u00bb ou \u00ab\u00a0notre\u00a0\u00bb sont utilis\u00e9s, nous nous r\u00e9f\u00e9rons \u00e0 Paulo C\u00e9sar De Sousa Ver\u00edssimo ou <a href=\"http:\/\/www.pauloverissimo.pt\" target=\"_blank\" rel=\"noopener\">www.pauloverissimo.pt<\/a> Chaque fois que nous utilisons \u00ab\u00a0vous\u00a0\u00bb ou \u00ab\u00a0votre\u00a0\u00bb, nous faisons r\u00e9f\u00e9rence \u00e0 toute personne qui utilise <a href=\"http:\/\/www.pauloverissimo.pt\" target=\"_blank\" rel=\"noopener\">www.pauloverissimo.pt<\/a>.<\/span><\/p>\n<p><span style=\"font-weight: 400;\">1.4. En acc\u00e9dant \u00e0 ce site Web et en l&rsquo;utilisant, vous \u00eates soumis aux conditions g\u00e9n\u00e9rales suivantes, ainsi qu&rsquo;\u00e0 notre politique de confidentialit\u00e9. En naviguant sur le site Web, vous acceptez de vous conformer aux pr\u00e9sentes conditions g\u00e9n\u00e9rales et \u00e0 la politique de confidentialit\u00e9. Si vous n&rsquo;\u00eates pas d&rsquo;accord avec votre contenu, vous n&rsquo;\u00eates pas autoris\u00e9 \u00e0 acc\u00e9der au site Web et \u00e0 l&rsquo;utiliser, et vous devez mettre fin imm\u00e9diatement \u00e0 l&rsquo;acc\u00e8s et\/ou \u00e0 l\u2019utilisation.<\/span><\/p>\n<p><span style=\"font-weight: 400;\">1.5. Le client doit lire attentivement les conditions g\u00e9n\u00e9rales chaque fois qu&rsquo;il acc\u00e8de au site Web.<\/span><\/p>\n<p><span style=\"font-weight: 400;\">1.6. Si vous violez l&rsquo;une des conditions incluses dans les pr\u00e9sentes, votre droit d&rsquo;acc\u00e8s et d&rsquo;utilisation de ce site Web prendra fin imm\u00e9diatement.<\/span><\/p>\n<p><span style=\"font-weight: 400;\">1.7. Le contenu de ce site Web est prot\u00e9g\u00e9 par le droit d&rsquo;auteur et est la propri\u00e9t\u00e9 d\u2019 Paulo C\u00e9sar De Sousa Ver\u00edssimo. Il n&rsquo;est pas permis de l&rsquo;utiliser de quelque mani\u00e8re que ce soit sans notre consentement.<\/span><\/p>\n<p>&nbsp;<\/p>\n<ol start=\"2\">\n<li><b> Budget<\/b><\/li>\n<\/ol>\n<p><span style=\"font-weight: 400;\">2.1. Tout devis envoy\u00e9 est valable 30 jours \u00e0 compter de la date de soumission et peut faire l&rsquo;objet d&rsquo;un examen apr\u00e8s cette date limite.<\/span><\/p>\n<p><span style=\"font-weight: 400;\">2.2. En cas d&rsquo;erreur dans le budget envoy\u00e9, Paulo C\u00e9sar De Sousa Ver\u00edssimo se r\u00e9serve le droit, pendant sa validit\u00e9, de la rectifier.<\/span><\/p>\n<p><span style=\"font-weight: 400;\">2.3. Tout changement \u00e0 la demande, au service ou aux d\u00e9penses du client qui n&rsquo;a pas \u00e9t\u00e9 exprim\u00e9 dans le budget initial a un co\u00fbt suppl\u00e9mentaire.<\/span><\/p>\n<p>&nbsp;<\/p>\n<ol start=\"3\">\n<li><b> Droit d\u2019auteur, propri\u00e9t\u00e9 et droit d\u2019auteur<\/b><\/li>\n<\/ol>\n<p><span style=\"font-weight: 400;\">3.1. Tout le contenu de ce site Web, qui comprend le texte, la conception, les illustrations, les logos, la vid\u00e9o, l&rsquo;audio, les photographies et d&rsquo;autres \u00e9l\u00e9ments, est prot\u00e9g\u00e9 par la loi en vertu du Code du droit d&rsquo;auteur et des droits connexes. Il n&rsquo;est pas permis d&rsquo;afficher, de reproduire, de distribuer, de modifier, de transmettre ou d&rsquo;utiliser le contenu de quelque mani\u00e8re que ce soit, \u00e0 des fins publiques ou commerciales, sans notre consentement \u00e9crit pr\u00e9alable et expr\u00e8s.<\/span><\/p>\n<p><span style=\"font-weight: 400;\">3.2. Le contenu de ce site est prot\u00e9g\u00e9 par le droit d&rsquo;auteur et les droits connexes, les droits de propri\u00e9t\u00e9 industrielle, la loi sur la criminalit\u00e9 informatique et est la propri\u00e9t\u00e9 Paulo C\u00e9sar De Sousa Ver\u00edssimo.<\/span><\/p>\n<p><span style=\"font-weight: 400;\">3.3. Le droit d&rsquo;auteur sur l&rsquo;\u0153uvre ne sera la propri\u00e9t\u00e9 du client que lorsqu&rsquo;il sera termin\u00e9, approuv\u00e9 et pay\u00e9 en totalit\u00e9.<\/span><\/p>\n<p><span style=\"font-weight: 400;\">3.4. Nous nous r\u00e9servons le droit de ne pas fournir au client les fichiers, polices ou autres outils et logiciels modifiables n\u00e9cessaires \u00e0 la production des \u0153uvres.<\/span><\/p>\n<p><span style=\"font-weight: 400;\">3.5. Paulo C\u00e9sar De Sousa Ver\u00edssimo se r\u00e9serve le droit d&rsquo;intenter une action en justice contre les auteurs de toute copie, reproduction, diffusion ou exploitation commerciale non autoris\u00e9e de textes, de conception, d&rsquo;illustrations, de logos, de vid\u00e9os, d&rsquo;audio, de photographies et d&rsquo;autres \u00e9l\u00e9ments, qui n&rsquo;ont pas fait l&rsquo;objet d&rsquo;une transmission de propri\u00e9t\u00e9 au client.<\/span><\/p>\n<p><span style=\"font-weight: 400;\">3.6. Le client est responsable de s&rsquo;assurer que les mat\u00e9riaux qu&rsquo;il fournit pour l&rsquo;ex\u00e9cution des \u0153uvres ne portent atteinte \u00e0 aucun droit d&rsquo;auteur ou \u00e0 des droits de propri\u00e9t\u00e9 industrielle de tiers et \u00e0 tout dommage caus\u00e9 \u00e0 Paulo C\u00e9sar De Sousa Ver\u00edssimo, par leur utilisation inappropri\u00e9e.<\/span><\/p>\n<p>&nbsp;<\/p>\n<ol start=\"4\">\n<li><b> R\u00e8glement des litiges en ligne<\/b><\/li>\n<\/ol>\n<p><span style=\"font-weight: 400;\">L&rsquo;Union europ\u00e9enne a cr\u00e9\u00e9 un site Web pour aider les consommateurs \u00e0 d\u00e9poser leurs plaintes concernant tout litige dans lequel ils sont impliqu\u00e9s. Dans ce contexte, Paulo C\u00e9sar De Sousa Ver\u00edssimo fournit toutes les informations afin que vous puissiez exercer votre droit de porter plainte aupr\u00e8s d&rsquo;un fonctionnaire, d&rsquo;un tiers et impartial du processus (\u00ab\u00a0entit\u00e9 de r\u00e8glement des diff\u00e9rends\u00a0\u00bb) qui vous aidera \u00e0 r\u00e9soudre le litige en question.<\/span><\/p>\n<p><span style=\"font-weight: 400;\">Ainsi, si vous avez \u00e9t\u00e9 insatisfait de l\u2019achat d\u2019un bien ou d\u2019un service sur notre site internet, ou de la solution que nous avons pr\u00e9sent\u00e9e pour r\u00e9soudre la situation, pouvez-vous acc\u00e9der \u00e0 ce site officiel <a href=\"https:\/\/ec.europa.eu\/consumers\/odr\/main\/index.cfm? event=main.home2.show&amp;lng=FR\" target=\"_blank\" rel=\"noopener\">https:\/\/ec.europa.eu\/consumers\/odr\/main\/index.cfm? event=main.home2.show&amp;lng=FR<\/a> et exposez votre d\u00e9fi.<\/span><\/p>\n<p><b>4.1. Qu&rsquo;est-ce que le r\u00e8glement extrajudiciaire des diff\u00e9rends ?<\/b><\/p>\n<p><span style=\"font-weight: 400;\">Le r\u00e8glement extrajudiciaire des litiges est la possibilit\u00e9 que tous les consommateurs aient \u00e0 leur disposition d&rsquo;interjeter appel et d&rsquo;entit\u00e9s officielles qui les aident \u00e0 r\u00e9soudre ou \u00e0 orienter tout conflit avant d&rsquo;ouvrir une proc\u00e9dure judiciaire devant les tribunaux.<\/span><\/p>\n<p><span style=\"font-weight: 400;\">En r\u00e8gle g\u00e9n\u00e9rale, la proc\u00e9dure est la suivante: le client demande \u00e0 un tiers impartial d&rsquo;intervenir en tant qu&rsquo;interm\u00e9diaire entre lui et le professionnel qui est la cible de sa plainte. L&rsquo;interm\u00e9diaire peut sugg\u00e9rer une solution \u00e0 votre plainte, imposer une solution aux deux parties ou r\u00e9unir les parties pour trouver une solution.<\/span><\/p>\n<p><span style=\"font-weight: 400;\">Peut-\u00eatre connaissez-vous le concept de r\u00e8glement extrajudiciaire des litiges sous un autre nom : \u00ab\u00a0m\u00e9diation\u00a0\u00bb, \u00ab\u00a0conciliation\u00a0\u00bb, \u00ab\u00a0arbitrage\u00a0\u00bb ou \u00ab\u00a0comit\u00e9 comp\u00e9tent dans le contexte des litiges de consommation\u201d.<\/span><\/p>\n<p><span style=\"font-weight: 400;\">Le r\u00e8glement extrajudiciaire des diff\u00e9rends est, en r\u00e8gle g\u00e9n\u00e9rale, moins co\u00fbteux, moins formel et plus rapide que les moyens judiciaires.<\/span><\/p>\n<p><span style=\"font-weight: 400;\">Suggestions des entit\u00e9s alternatives de r\u00e8glement des diff\u00e9rends :<\/span><\/p>\n<p><span style=\"font-weight: 400;\">CNIACC &#8211; Centre national d&rsquo;information et d&rsquo;arbitrage des conflits de consommation<\/span><\/p>\n<p><a href=\"http:\/\/www.arbitragemdeconsumo.org\/\" target=\"_blank\" rel=\"noopener\"><span style=\"font-weight: 400;\">http:\/\/www.arbitragemdeconsumo.org\/<\/span><\/a><\/p>\n<p>&nbsp;<\/p>\n<p><span style=\"font-weight: 400;\">Centre d&rsquo;arbitrage de Lisbonne sur les conflits de consommateurs<\/span><\/p>\n<p><a href=\"http:\/\/www.centroarbitragemlisboa.pt\/\" target=\"_blank\" rel=\"noopener\"><span style=\"font-weight: 400;\">http:\/\/www.centroarbitragemlisboa.pt\/<\/span><\/a><\/p>\n<p>&nbsp;<\/p>\n<p><span style=\"font-weight: 400;\">Centre d&rsquo;arbitrage des conflits de consommation de Vale do Ave\/Tribunal arbitral<\/span><\/p>\n<p><a href=\"http:\/\/www.triave.pt\/\" target=\"_blank\" rel=\"noopener\"><span style=\"font-weight: 400;\">http:\/\/www.triave.pt\/<\/span><\/a><\/p>\n<p>&nbsp;<\/p>\n<p><span style=\"font-weight: 400;\">CIAB &#8211; Centre d&rsquo;information, de m\u00e9diation et d&rsquo;arbitrage des consommateurs (Cour d&rsquo;arbitrage des consommateurs)<\/span><\/p>\n<p><a href=\"http:\/\/www.ciab.pt\/en\/\" target=\"_blank\" rel=\"noopener\"><span style=\"font-weight: 400;\">http:\/\/www.ciab.pt\/en\/<\/span><\/a><\/p>\n<p>&nbsp;<\/p>\n<p><span style=\"font-weight: 400;\">CIMPAS \u2013 Centre d\u2019Information, de M\u00e9diation et de M\u00e9diateur en Assurances<\/span><\/p>\n<p><a href=\"https:\/\/www.cimpas.pt\/\" target=\"_blank\" rel=\"noopener\"><span style=\"font-weight: 400;\">https:\/\/www.cimpas.pt\/<\/span><\/a><\/p>\n<p>&nbsp;<\/p>\n<ol start=\"5\">\n<li><b> Utilisation autoris\u00e9e\/activit\u00e9s interdites<\/b><\/li>\n<\/ol>\n<p><span style=\"font-weight: 400;\">L&rsquo;acc\u00e8s et l&rsquo;utilisation de ce site Web ne sont autoris\u00e9s que pour des fonctions personnelles et non commerciales, c&rsquo;est-\u00e0-dire que le site Web ne doit \u00eatre consult\u00e9 et utilis\u00e9 que par des particuliers ou par une soci\u00e9t\u00e9 souhaitant acqu\u00e9rir nos services \/ produits ou une soci\u00e9t\u00e9 en leur nom.<\/span><\/p>\n<p><span style=\"font-weight: 400;\">Toute activit\u00e9 que nous consid\u00e9rons inappropri\u00e9e et\/ou susceptible d&rsquo;\u00eatre ill\u00e9gale en vertu de la l\u00e9gislation applicable \u00e0 ce site, y compris, mais sans s&rsquo;y limiter :<\/span><\/p>\n<p><span style=\"font-weight: 400;\">5.1. Blesser, abuser, diffamer, menacer ou harceler une autre personne ou une entreprise, ou d&rsquo;une mani\u00e8re qui porte atteinte \u00e0 la vie priv\u00e9e d&rsquo;autrui, ou qui est obsc\u00e8ne, offensante, haineuse, ind\u00e9cente, inappropri\u00e9e, r\u00e9pr\u00e9hensible, inacceptable, discriminatoire ou nuisible.<\/span><\/p>\n<p><span style=\"font-weight: 400;\">5.2. Actions pouvant constituer une violation de la vie priv\u00e9e, telles que l&rsquo;envoi d&rsquo;informations priv\u00e9es sur ce site Web sans le consentement de la personne concern\u00e9e ou tout autre droit l\u00e9gal des personnes.<\/span><\/p>\n<p><span style=\"font-weight: 400;\">5.3. Envoyez \u00e0 ce site des fichiers contenant des virus susceptibles d&rsquo;endommager la propri\u00e9t\u00e9 Paulo C\u00e9sar De Sousa Ver\u00edssimo ou la propri\u00e9t\u00e9 de particuliers ou modifier ing\u00e9nierie de toute partie du site Web.<\/span><\/p>\n<p><span style=\"font-weight: 400;\">5.4. Utilisez n&rsquo;importe quel type de code automatique informatis\u00e9, de processus, de programme, de robot, d&rsquo;exploration Internet, d&rsquo;araign\u00e9e, de processeur de donn\u00e9es, de glisser-d\u00e9poser ou d&rsquo;alternatives au grattage d&rsquo;\u00e9cran aux codes d&rsquo;ordinateur, de processus, de programme ou de syst\u00e8me.<\/span><\/p>\n<p><span style=\"font-weight: 400;\">5.5. L&rsquo;utilisation du site \u00e0 des fins ill\u00e9gales ou \u00e0 toute autre fin qui peut \u00eatre consid\u00e9r\u00e9e comme indigne de notre image est express\u00e9ment interdite. L&rsquo;usurpation, la contrefa\u00e7on, l&rsquo;utilisation de contenu usurp\u00e9 ou contrefait, l&rsquo;identification ill\u00e9gitime et la concurrence d\u00e9loyale sont p\u00e9nalement punissables.<\/span><\/p>\n<p>&nbsp;<\/p>\n<ol start=\"6\">\n<li><b> Contenu et garanties<\/b><\/li>\n<\/ol>\n<p><span style=\"font-weight: 400;\">6.1. Les informations sur ce site ont \u00e9t\u00e9 incluses de bonne foi et servent exclusivement \u00e0 des informations g\u00e9n\u00e9rales, et leur utilisation repr\u00e9sente le risque exclusif de l\u2019utilisateur.<\/span><\/p>\n<p><span style=\"font-weight: 400;\">6.2. Ce site et son contenu sont fournis sans garanties d&rsquo;aucune sorte, c&rsquo;est-\u00e0-dire qu&rsquo;aucune garantie n&rsquo;est donn\u00e9e que l&rsquo;acc\u00e8s \u00e0 ce site est ininterrompu ou exempt d&rsquo;erreurs, exempt de virus ou d&rsquo;autres mati\u00e8res nocives, ou que les informations sur ce site sont compl\u00e8tes, exactes ou opportunes.<\/span><\/p>\n<p><span style=\"font-weight: 400;\">6.3. Paulo C\u00e9sar De Sousa Ver\u00edssimo se r\u00e9serve le droit d&rsquo;apporter des modifications et des corrections, de suspendre ou de r\u00e9silier le site lorsque cela est jug\u00e9 appropri\u00e9 et sans pr\u00e9avis.<\/span><\/p>\n<p><span style=\"font-weight: 400;\">6.4. Paulo C\u00e9sar De Sousa Ver\u00edssimo ne filtre ni ne surveille auparavant le contenu transmis \u00e0 ce site Web par des tiers et n&rsquo;est pas responsable du filtrage ou de la surveillance de tout contenu de ce type.<\/span><\/p>\n<p><span style=\"font-weight: 400;\">6.5. Si elle en est inform\u00e9e, Paulo C\u00e9sar De Sousa Ver\u00edssimo peut enqu\u00eater sur une all\u00e9gation selon laquelle le contenu transmis \u00e0 ce site Web viole les conditions g\u00e9n\u00e9rales et peut d\u00e9terminer s&rsquo;il entra\u00eenera la suppression des informations de ce site.<\/span><\/p>\n<p><span style=\"font-weight: 400;\">6.6. Paulo C\u00e9sar De Sousa Ver\u00edssimo n&rsquo;assume aucune responsabilit\u00e9 pour toute action ou tout contenu transmis par ou entre vous ou un tiers sur ou en dehors de ce site Web.<\/span><\/p>\n<p>&nbsp;<\/p>\n<ol start=\"7\">\n<li><b> Responsabilit\u00e9, utilisation et risque<\/b><\/li>\n<\/ol>\n<p><span style=\"font-weight: 400;\">7.1. La fa\u00e7on dont vous utilisez ce site et le contenu qui y est pr\u00e9sent sont uniquement de votre responsabilit\u00e9 et de vos risques.<\/span><\/p>\n<p><span style=\"font-weight: 400;\">7.2. Paulo C\u00e9sar De Sousa Ver\u00edssimo et tous ses tuteurs l\u00e9gaux, administrateurs, employ\u00e9s et agents, ainsi que toute autre partie impliqu\u00e9e dans la cr\u00e9ation, la production, la maintenance ou la mise en \u0153uvre de ce site Web, ne seront pas responsables envers tout utilisateur du site Web de tout dommage, perte ou blessure possible (y compris toute perte de profit et perte morale, indirecte, accidentelle ou cons\u00e9quente) r\u00e9sultant de l&rsquo;utilisation correcte ou incorrecte de ce site et de son contenu, de l&rsquo;acc\u00e8s \u00e0 l&rsquo;ordinateur ou du syst\u00e8me informatique de l&rsquo;utilisateur par des tiers, des virus, etc.<\/span><\/p>\n<p><span style=\"font-weight: 400;\">Ce site contient des liens vers des sites Web tiers. Ces liens sont fournis uniquement pour la commodit\u00e9 et l&rsquo;accessibilit\u00e9 de l&rsquo;utilisateur. Nous n&rsquo;approuvons le contenu de l&rsquo;un de ces sites tiers et ne sommes pas responsables du contenu de l&rsquo;un de ces sites. L&rsquo;acc\u00e8s et la visite de l&rsquo;un de ces sites tiers sont aux risques et p\u00e9rils de l\u2019utilisateur.<\/span><\/p>\n<p>&nbsp;<\/p>\n<ol start=\"8\">\n<li><b> Comp\u00e9tence et l\u00e9gislation applicable<\/b><\/li>\n<\/ol>\n<p><span style=\"font-weight: 400;\">Paulo C\u00e9sar De Sousa Ver\u00edssimo et l&rsquo;utilisateur de ce site Web acceptent, sans r\u00e9serve, que tout litige ou litige d\u00e9coulant de l&rsquo;utilisation de ce site Web soit r\u00e9gi par le droit portugais.<\/span><\/p>\n<p><span style=\"font-weight: 400;\">Derni\u00e8re mise \u00e0 jour: 11\/03\/2021<\/span><\/p>\n","protected":false},"excerpt":{"rendered":"<p>Conditions g\u00e9n\u00e9rales 1.1. La soci\u00e9t\u00e9 Paulo C\u00e9sar De Sousa Ver\u00edssimo, dont le si\u00e8ge social est situ\u00e9 \u00e0 R. Castelo Branco, N\u00ba 4-D, 9500-761 Ponta Delgada, personne morale n\u00b0 236542583, qui est \u00e9galement son num\u00e9ro d&rsquo;enregistrement au bureau d&rsquo;enregistrement du commerce de Ponta Delgada, est responsable du site Web www.pauloverissimo.pt (ci-apr\u00e8s \u00ab\u00a0site Web\u00a0\u00bb). 1.2. Vous exprimez<\/p>\n","protected":false},"author":1,"featured_media":0,"parent":0,"menu_order":0,"comment_status":"closed","ping_status":"closed","template":"","meta":[],"acf":[],"yoast_head":"<!-- This site is optimized with the Yoast SEO plugin v18.9 - https:\/\/yoast.com\/wordpress\/plugins\/seo\/ -->\n<title>Termes et Conditions | Paulo Ver\u00edssimo - Expert Comptable - A\u00e7ores<\/title>\n<meta name=\"description\" content=\"Lisez nos termes et conditions avant d\u2019utiliser notre site Web. Dans notre entreprise, nous pensons ce qu\u2019il y a de mieux pour vous.\" \/>\n<meta name=\"robots\" content=\"index, follow, max-snippet:-1, max-image-preview:large, max-video-preview:-1\" \/>\n<link rel=\"canonical\" href=\"https:\/\/pauloverissimo.pt\/fr\/modalites-et-conditions\/\" \/>\n<meta property=\"og:locale\" content=\"fr_FR\" \/>\n<meta property=\"og:type\" content=\"article\" \/>\n<meta property=\"og:title\" content=\"Termes et Conditions | Paulo Ver\u00edssimo - Expert Comptable - A\u00e7ores\" \/>\n<meta property=\"og:description\" content=\"Lisez nos termes et conditions avant d\u2019utiliser notre site Web. Dans notre entreprise, nous pensons ce qu\u2019il y a de mieux pour vous.\" \/>\n<meta property=\"og:url\" content=\"https:\/\/pauloverissimo.pt\/fr\/modalites-et-conditions\/\" \/>\n<meta property=\"og:site_name\" content=\"Paulo Ver\u00edssimo - Contabilista Certificado em S\u00e3o Miguel, A\u00e7ores\" \/>\n<meta property=\"article:modified_time\" content=\"2022-07-18T16:19:09+00:00\" \/>\n<meta name=\"twitter:card\" content=\"summary_large_image\" \/>\n<meta name=\"twitter:label1\" content=\"Dur\u00e9e de lecture estim\u00e9e\" \/>\n\t<meta name=\"twitter:data1\" content=\"10 minutes\" \/>\n<script type=\"application\/ld+json\" class=\"yoast-schema-graph\">{\"@context\":\"https:\/\/schema.org\",\"@graph\":[{\"@type\":\"WebSite\",\"@id\":\"https:\/\/pauloverissimo.pt\/#website\",\"url\":\"https:\/\/pauloverissimo.pt\/\",\"name\":\"Paulo Ver\u00edssimo - Contabilista Certificado em S\u00e3o Miguel, A\u00e7ores\",\"description\":\"\",\"potentialAction\":[{\"@type\":\"SearchAction\",\"target\":{\"@type\":\"EntryPoint\",\"urlTemplate\":\"https:\/\/pauloverissimo.pt\/?s={search_term_string}\"},\"query-input\":\"required name=search_term_string\"}],\"inLanguage\":\"fr-FR\"},{\"@type\":\"WebPage\",\"@id\":\"https:\/\/pauloverissimo.pt\/fr\/modalites-et-conditions\/#webpage\",\"url\":\"https:\/\/pauloverissimo.pt\/fr\/modalites-et-conditions\/\",\"name\":\"Termes et Conditions | Paulo Ver\u00edssimo - Expert Comptable - A\u00e7ores\",\"isPartOf\":{\"@id\":\"https:\/\/pauloverissimo.pt\/#website\"},\"datePublished\":\"2022-05-30T10:04:40+00:00\",\"dateModified\":\"2022-07-18T16:19:09+00:00\",\"description\":\"Lisez nos termes et conditions avant d\u2019utiliser notre site Web. Dans notre entreprise, nous pensons ce qu\u2019il y a de mieux pour vous.\",\"breadcrumb\":{\"@id\":\"https:\/\/pauloverissimo.pt\/fr\/modalites-et-conditions\/#breadcrumb\"},\"inLanguage\":\"fr-FR\",\"potentialAction\":[{\"@type\":\"ReadAction\",\"target\":[\"https:\/\/pauloverissimo.pt\/fr\/modalites-et-conditions\/\"]}]},{\"@type\":\"BreadcrumbList\",\"@id\":\"https:\/\/pauloverissimo.pt\/fr\/modalites-et-conditions\/#breadcrumb\",\"itemListElement\":[{\"@type\":\"ListItem\",\"position\":1,\"name\":\"Home\",\"item\":\"https:\/\/pauloverissimo.pt\/fr\/\"},{\"@type\":\"ListItem\",\"position\":2,\"name\":\"Termes et Conditions\"}]}]}<\/script>\n<!-- \/ Yoast SEO plugin. -->","yoast_head_json":{"title":"Termes et Conditions | Paulo Ver\u00edssimo - Expert Comptable - A\u00e7ores","description":"Lisez nos termes et conditions avant d\u2019utiliser notre site Web. Dans notre entreprise, nous pensons ce qu\u2019il y a de mieux pour vous.","robots":{"index":"index","follow":"follow","max-snippet":"max-snippet:-1","max-image-preview":"max-image-preview:large","max-video-preview":"max-video-preview:-1"},"canonical":"https:\/\/pauloverissimo.pt\/fr\/modalites-et-conditions\/","og_locale":"fr_FR","og_type":"article","og_title":"Termes et Conditions | Paulo Ver\u00edssimo - Expert Comptable - A\u00e7ores","og_description":"Lisez nos termes et conditions avant d\u2019utiliser notre site Web. Dans notre entreprise, nous pensons ce qu\u2019il y a de mieux pour vous.","og_url":"https:\/\/pauloverissimo.pt\/fr\/modalites-et-conditions\/","og_site_name":"Paulo Ver\u00edssimo - Contabilista Certificado em S\u00e3o Miguel, A\u00e7ores","article_modified_time":"2022-07-18T16:19:09+00:00","twitter_card":"summary_large_image","twitter_misc":{"Dur\u00e9e de lecture estim\u00e9e":"10 minutes"},"schema":{"@context":"https:\/\/schema.org","@graph":[{"@type":"WebSite","@id":"https:\/\/pauloverissimo.pt\/#website","url":"https:\/\/pauloverissimo.pt\/","name":"Paulo Ver\u00edssimo - Contabilista Certificado em S\u00e3o Miguel, A\u00e7ores","description":"","potentialAction":[{"@type":"SearchAction","target":{"@type":"EntryPoint","urlTemplate":"https:\/\/pauloverissimo.pt\/?s={search_term_string}"},"query-input":"required name=search_term_string"}],"inLanguage":"fr-FR"},{"@type":"WebPage","@id":"https:\/\/pauloverissimo.pt\/fr\/modalites-et-conditions\/#webpage","url":"https:\/\/pauloverissimo.pt\/fr\/modalites-et-conditions\/","name":"Termes et Conditions | Paulo Ver\u00edssimo - Expert Comptable - A\u00e7ores","isPartOf":{"@id":"https:\/\/pauloverissimo.pt\/#website"},"datePublished":"2022-05-30T10:04:40+00:00","dateModified":"2022-07-18T16:19:09+00:00","description":"Lisez nos termes et conditions avant d\u2019utiliser notre site Web. Dans notre entreprise, nous pensons ce qu\u2019il y a de mieux pour vous.","breadcrumb":{"@id":"https:\/\/pauloverissimo.pt\/fr\/modalites-et-conditions\/#breadcrumb"},"inLanguage":"fr-FR","potentialAction":[{"@type":"ReadAction","target":["https:\/\/pauloverissimo.pt\/fr\/modalites-et-conditions\/"]}]},{"@type":"BreadcrumbList","@id":"https:\/\/pauloverissimo.pt\/fr\/modalites-et-conditions\/#breadcrumb","itemListElement":[{"@type":"ListItem","position":1,"name":"Home","item":"https:\/\/pauloverissimo.pt\/fr\/"},{"@type":"ListItem","position":2,"name":"Termes et Conditions"}]}]}},"_links":{"self":[{"href":"https:\/\/pauloverissimo.pt\/fr\/wp-json\/wp\/v2\/pages\/1422"}],"collection":[{"href":"https:\/\/pauloverissimo.pt\/fr\/wp-json\/wp\/v2\/pages"}],"about":[{"href":"https:\/\/pauloverissimo.pt\/fr\/wp-json\/wp\/v2\/types\/page"}],"author":[{"embeddable":true,"href":"https:\/\/pauloverissimo.pt\/fr\/wp-json\/wp\/v2\/users\/1"}],"replies":[{"embeddable":true,"href":"https:\/\/pauloverissimo.pt\/fr\/wp-json\/wp\/v2\/comments?post=1422"}],"version-history":[{"count":6,"href":"https:\/\/pauloverissimo.pt\/fr\/wp-json\/wp\/v2\/pages\/1422\/revisions"}],"predecessor-version":[{"id":1712,"href":"https:\/\/pauloverissimo.pt\/fr\/wp-json\/wp\/v2\/pages\/1422\/revisions\/1712"}],"wp:attachment":[{"href":"https:\/\/pauloverissimo.pt\/fr\/wp-json\/wp\/v2\/media?parent=1422"}],"curies":[{"name":"wp","href":"https:\/\/api.w.org\/{rel}","templated":true}]}}