{"id":1420,"date":"2022-05-26T18:25:40","date_gmt":"2022-05-26T18:25:40","guid":{"rendered":"http:\/\/pauloverissimo.pt\/sobre-nos\/"},"modified":"2022-07-26T12:53:53","modified_gmt":"2022-07-26T12:53:53","slug":"a-propos-de-nous","status":"publish","type":"page","link":"https:\/\/pauloverissimo.pt\/fr\/a-propos-de-nous\/","title":{"rendered":"\u00c0 propos de nous"},"content":{"rendered":"","protected":false},"excerpt":{"rendered":"","protected":false},"author":1,"featured_media":0,"parent":0,"menu_order":0,"comment_status":"closed","ping_status":"closed","template":"template-sobre-nos.php","meta":[],"acf":[],"yoast_head":"<!-- This site is optimized with the Yoast SEO plugin v18.9 - https:\/\/yoast.com\/wordpress\/plugins\/seo\/ -->\n<title>Cabinets Comptables | Profitez de nos Services! - Paulo Ver\u00edssimo<\/title>\n<meta name=\"description\" content=\"D\u00e9couvrez-en plus sur notre soci\u00e9t\u00e9 et faites confiance \u00e0 nos services de comptabilit\u00e9 \u00e0 Ponta Delgada, pr\u00eats \u00e0 vous aider \u00e0 tout moment.\" \/>\n<meta name=\"robots\" content=\"index, follow, max-snippet:-1, max-image-preview:large, max-video-preview:-1\" \/>\n<link rel=\"canonical\" href=\"https:\/\/pauloverissimo.pt\/fr\/a-propos-de-nous\/\" \/>\n<meta property=\"og:locale\" content=\"fr_FR\" \/>\n<meta property=\"og:type\" content=\"article\" \/>\n<meta property=\"og:title\" content=\"Cabinets Comptables | Profitez de nos Services! - Paulo Ver\u00edssimo\" \/>\n<meta property=\"og:description\" content=\"D\u00e9couvrez-en plus sur notre soci\u00e9t\u00e9 et faites confiance \u00e0 nos services de comptabilit\u00e9 \u00e0 Ponta Delgada, pr\u00eats \u00e0 vous aider \u00e0 tout moment.\" \/>\n<meta property=\"og:url\" content=\"https:\/\/pauloverissimo.pt\/fr\/a-propos-de-nous\/\" \/>\n<meta property=\"og:site_name\" content=\"Paulo Ver\u00edssimo - Contabilista Certificado em S\u00e3o Miguel, A\u00e7ores\" \/>\n<meta property=\"article:modified_time\" content=\"2022-07-26T12:53:53+00:00\" \/>\n<meta name=\"twitter:card\" content=\"summary_large_image\" \/>\n<script type=\"application\/ld+json\" class=\"yoast-schema-graph\">{\"@context\":\"https:\/\/schema.org\",\"@graph\":[{\"@type\":\"WebSite\",\"@id\":\"https:\/\/pauloverissimo.pt\/#website\",\"url\":\"https:\/\/pauloverissimo.pt\/\",\"name\":\"Paulo Ver\u00edssimo - Contabilista Certificado em S\u00e3o Miguel, A\u00e7ores\",\"description\":\"\",\"potentialAction\":[{\"@type\":\"SearchAction\",\"target\":{\"@type\":\"EntryPoint\",\"urlTemplate\":\"https:\/\/pauloverissimo.pt\/?s={search_term_string}\"},\"query-input\":\"required name=search_term_string\"}],\"inLanguage\":\"fr-FR\"},{\"@type\":\"WebPage\",\"@id\":\"https:\/\/pauloverissimo.pt\/fr\/a-propos-de-nous\/#webpage\",\"url\":\"https:\/\/pauloverissimo.pt\/fr\/a-propos-de-nous\/\",\"name\":\"Cabinets Comptables | Profitez de nos Services! - Paulo Ver\u00edssimo\",\"isPartOf\":{\"@id\":\"https:\/\/pauloverissimo.pt\/#website\"},\"datePublished\":\"2022-05-26T18:25:40+00:00\",\"dateModified\":\"2022-07-26T12:53:53+00:00\",\"description\":\"D\u00e9couvrez-en plus sur notre soci\u00e9t\u00e9 et faites confiance \u00e0 nos services de comptabilit\u00e9 \u00e0 Ponta Delgada, pr\u00eats \u00e0 vous aider \u00e0 tout moment.\",\"breadcrumb\":{\"@id\":\"https:\/\/pauloverissimo.pt\/fr\/a-propos-de-nous\/#breadcrumb\"},\"inLanguage\":\"fr-FR\",\"potentialAction\":[{\"@type\":\"ReadAction\",\"target\":[\"https:\/\/pauloverissimo.pt\/fr\/a-propos-de-nous\/\"]}]},{\"@type\":\"BreadcrumbList\",\"@id\":\"https:\/\/pauloverissimo.pt\/fr\/a-propos-de-nous\/#breadcrumb\",\"itemListElement\":[{\"@type\":\"ListItem\",\"position\":1,\"name\":\"Home\",\"item\":\"https:\/\/pauloverissimo.pt\/fr\/\"},{\"@type\":\"ListItem\",\"position\":2,\"name\":\"\u00c0 propos de nous\"}]}]}<\/script>\n<!-- \/ Yoast SEO plugin. -->","yoast_head_json":{"title":"Cabinets Comptables | Profitez de nos Services! - Paulo Ver\u00edssimo","description":"D\u00e9couvrez-en plus sur notre soci\u00e9t\u00e9 et faites confiance \u00e0 nos services de comptabilit\u00e9 \u00e0 Ponta Delgada, pr\u00eats \u00e0 vous aider \u00e0 tout moment.","robots":{"index":"index","follow":"follow","max-snippet":"max-snippet:-1","max-image-preview":"max-image-preview:large","max-video-preview":"max-video-preview:-1"},"canonical":"https:\/\/pauloverissimo.pt\/fr\/a-propos-de-nous\/","og_locale":"fr_FR","og_type":"article","og_title":"Cabinets Comptables | Profitez de nos Services! - Paulo Ver\u00edssimo","og_description":"D\u00e9couvrez-en plus sur notre soci\u00e9t\u00e9 et faites confiance \u00e0 nos services de comptabilit\u00e9 \u00e0 Ponta Delgada, pr\u00eats \u00e0 vous aider \u00e0 tout moment.","og_url":"https:\/\/pauloverissimo.pt\/fr\/a-propos-de-nous\/","og_site_name":"Paulo Ver\u00edssimo - Contabilista Certificado em S\u00e3o Miguel, A\u00e7ores","article_modified_time":"2022-07-26T12:53:53+00:00","twitter_card":"summary_large_image","schema":{"@context":"https:\/\/schema.org","@graph":[{"@type":"WebSite","@id":"https:\/\/pauloverissimo.pt\/#website","url":"https:\/\/pauloverissimo.pt\/","name":"Paulo Ver\u00edssimo - Contabilista Certificado em S\u00e3o Miguel, A\u00e7ores","description":"","potentialAction":[{"@type":"SearchAction","target":{"@type":"EntryPoint","urlTemplate":"https:\/\/pauloverissimo.pt\/?s={search_term_string}"},"query-input":"required name=search_term_string"}],"inLanguage":"fr-FR"},{"@type":"WebPage","@id":"https:\/\/pauloverissimo.pt\/fr\/a-propos-de-nous\/#webpage","url":"https:\/\/pauloverissimo.pt\/fr\/a-propos-de-nous\/","name":"Cabinets Comptables | Profitez de nos Services! - Paulo Ver\u00edssimo","isPartOf":{"@id":"https:\/\/pauloverissimo.pt\/#website"},"datePublished":"2022-05-26T18:25:40+00:00","dateModified":"2022-07-26T12:53:53+00:00","description":"D\u00e9couvrez-en plus sur notre soci\u00e9t\u00e9 et faites confiance \u00e0 nos services de comptabilit\u00e9 \u00e0 Ponta Delgada, pr\u00eats \u00e0 vous aider \u00e0 tout moment.","breadcrumb":{"@id":"https:\/\/pauloverissimo.pt\/fr\/a-propos-de-nous\/#breadcrumb"},"inLanguage":"fr-FR","potentialAction":[{"@type":"ReadAction","target":["https:\/\/pauloverissimo.pt\/fr\/a-propos-de-nous\/"]}]},{"@type":"BreadcrumbList","@id":"https:\/\/pauloverissimo.pt\/fr\/a-propos-de-nous\/#breadcrumb","itemListElement":[{"@type":"ListItem","position":1,"name":"Home","item":"https:\/\/pauloverissimo.pt\/fr\/"},{"@type":"ListItem","position":2,"name":"\u00c0 propos de nous"}]}]}},"_links":{"self":[{"href":"https:\/\/pauloverissimo.pt\/fr\/wp-json\/wp\/v2\/pages\/1420"}],"collection":[{"href":"https:\/\/pauloverissimo.pt\/fr\/wp-json\/wp\/v2\/pages"}],"about":[{"href":"https:\/\/pauloverissimo.pt\/fr\/wp-json\/wp\/v2\/types\/page"}],"author":[{"embeddable":true,"href":"https:\/\/pauloverissimo.pt\/fr\/wp-json\/wp\/v2\/users\/1"}],"replies":[{"embeddable":true,"href":"https:\/\/pauloverissimo.pt\/fr\/wp-json\/wp\/v2\/comments?post=1420"}],"version-history":[{"count":7,"href":"https:\/\/pauloverissimo.pt\/fr\/wp-json\/wp\/v2\/pages\/1420\/revisions"}],"predecessor-version":[{"id":1941,"href":"https:\/\/pauloverissimo.pt\/fr\/wp-json\/wp\/v2\/pages\/1420\/revisions\/1941"}],"wp:attachment":[{"href":"https:\/\/pauloverissimo.pt\/fr\/wp-json\/wp\/v2\/media?parent=1420"}],"curies":[{"name":"wp","href":"https:\/\/api.w.org\/{rel}","templated":true}]}}