{"id":1414,"date":"2022-05-26T18:26:44","date_gmt":"2022-05-26T18:26:44","guid":{"rendered":"http:\/\/pauloverissimo.pt\/orcamentos-gratuitos\/"},"modified":"2022-07-26T14:16:41","modified_gmt":"2022-07-26T14:16:41","slug":"devis-gratuit","status":"publish","type":"page","link":"https:\/\/pauloverissimo.pt\/fr\/devis-gratuit\/","title":{"rendered":"Budget"},"content":{"rendered":"","protected":false},"excerpt":{"rendered":"","protected":false},"author":1,"featured_media":0,"parent":0,"menu_order":0,"comment_status":"closed","ping_status":"closed","template":"template-orcamento.php","meta":[],"acf":[],"yoast_head":"<!-- This site is optimized with the Yoast SEO plugin v18.9 - https:\/\/yoast.com\/wordpress\/plugins\/seo\/ -->\n<title>Gestion Financi\u00e8re | Demandez-nous un Devis Gratuit - Paulo Ver\u00edssimo<\/title>\n<meta name=\"description\" content=\"Besoin de notre aide? Nous sommes toujours disponibles pour vous, pour votre entreprise et votre succ\u00e8s. Demandez-nous un devis gratuit!\" \/>\n<meta name=\"robots\" content=\"index, follow, max-snippet:-1, max-image-preview:large, max-video-preview:-1\" \/>\n<link rel=\"canonical\" href=\"https:\/\/pauloverissimo.pt\/fr\/devis-gratuit\/\" \/>\n<meta property=\"og:locale\" content=\"fr_FR\" \/>\n<meta property=\"og:type\" content=\"article\" \/>\n<meta property=\"og:title\" content=\"Gestion Financi\u00e8re | Demandez-nous un Devis Gratuit - Paulo Ver\u00edssimo\" \/>\n<meta property=\"og:description\" content=\"Besoin de notre aide? Nous sommes toujours disponibles pour vous, pour votre entreprise et votre succ\u00e8s. Demandez-nous un devis gratuit!\" \/>\n<meta property=\"og:url\" content=\"https:\/\/pauloverissimo.pt\/fr\/devis-gratuit\/\" \/>\n<meta property=\"og:site_name\" content=\"Paulo Ver\u00edssimo - Contabilista Certificado em S\u00e3o Miguel, A\u00e7ores\" \/>\n<meta property=\"article:modified_time\" content=\"2022-07-26T14:16:41+00:00\" \/>\n<meta name=\"twitter:card\" content=\"summary_large_image\" \/>\n<script type=\"application\/ld+json\" class=\"yoast-schema-graph\">{\"@context\":\"https:\/\/schema.org\",\"@graph\":[{\"@type\":\"WebSite\",\"@id\":\"https:\/\/pauloverissimo.pt\/#website\",\"url\":\"https:\/\/pauloverissimo.pt\/\",\"name\":\"Paulo Ver\u00edssimo - Contabilista Certificado em S\u00e3o Miguel, A\u00e7ores\",\"description\":\"\",\"potentialAction\":[{\"@type\":\"SearchAction\",\"target\":{\"@type\":\"EntryPoint\",\"urlTemplate\":\"https:\/\/pauloverissimo.pt\/?s={search_term_string}\"},\"query-input\":\"required name=search_term_string\"}],\"inLanguage\":\"fr-FR\"},{\"@type\":\"WebPage\",\"@id\":\"https:\/\/pauloverissimo.pt\/fr\/devis-gratuit\/#webpage\",\"url\":\"https:\/\/pauloverissimo.pt\/fr\/devis-gratuit\/\",\"name\":\"Gestion Financi\u00e8re | Demandez-nous un Devis Gratuit - Paulo Ver\u00edssimo\",\"isPartOf\":{\"@id\":\"https:\/\/pauloverissimo.pt\/#website\"},\"datePublished\":\"2022-05-26T18:26:44+00:00\",\"dateModified\":\"2022-07-26T14:16:41+00:00\",\"description\":\"Besoin de notre aide? Nous sommes toujours disponibles pour vous, pour votre entreprise et votre succ\u00e8s. Demandez-nous un devis gratuit!\",\"breadcrumb\":{\"@id\":\"https:\/\/pauloverissimo.pt\/fr\/devis-gratuit\/#breadcrumb\"},\"inLanguage\":\"fr-FR\",\"potentialAction\":[{\"@type\":\"ReadAction\",\"target\":[\"https:\/\/pauloverissimo.pt\/fr\/devis-gratuit\/\"]}]},{\"@type\":\"BreadcrumbList\",\"@id\":\"https:\/\/pauloverissimo.pt\/fr\/devis-gratuit\/#breadcrumb\",\"itemListElement\":[{\"@type\":\"ListItem\",\"position\":1,\"name\":\"Home\",\"item\":\"https:\/\/pauloverissimo.pt\/fr\/\"},{\"@type\":\"ListItem\",\"position\":2,\"name\":\"Budget\"}]}]}<\/script>\n<!-- \/ Yoast SEO plugin. -->","yoast_head_json":{"title":"Gestion Financi\u00e8re | Demandez-nous un Devis Gratuit - Paulo Ver\u00edssimo","description":"Besoin de notre aide? Nous sommes toujours disponibles pour vous, pour votre entreprise et votre succ\u00e8s. Demandez-nous un devis gratuit!","robots":{"index":"index","follow":"follow","max-snippet":"max-snippet:-1","max-image-preview":"max-image-preview:large","max-video-preview":"max-video-preview:-1"},"canonical":"https:\/\/pauloverissimo.pt\/fr\/devis-gratuit\/","og_locale":"fr_FR","og_type":"article","og_title":"Gestion Financi\u00e8re | Demandez-nous un Devis Gratuit - Paulo Ver\u00edssimo","og_description":"Besoin de notre aide? Nous sommes toujours disponibles pour vous, pour votre entreprise et votre succ\u00e8s. Demandez-nous un devis gratuit!","og_url":"https:\/\/pauloverissimo.pt\/fr\/devis-gratuit\/","og_site_name":"Paulo Ver\u00edssimo - Contabilista Certificado em S\u00e3o Miguel, A\u00e7ores","article_modified_time":"2022-07-26T14:16:41+00:00","twitter_card":"summary_large_image","schema":{"@context":"https:\/\/schema.org","@graph":[{"@type":"WebSite","@id":"https:\/\/pauloverissimo.pt\/#website","url":"https:\/\/pauloverissimo.pt\/","name":"Paulo Ver\u00edssimo - Contabilista Certificado em S\u00e3o Miguel, A\u00e7ores","description":"","potentialAction":[{"@type":"SearchAction","target":{"@type":"EntryPoint","urlTemplate":"https:\/\/pauloverissimo.pt\/?s={search_term_string}"},"query-input":"required name=search_term_string"}],"inLanguage":"fr-FR"},{"@type":"WebPage","@id":"https:\/\/pauloverissimo.pt\/fr\/devis-gratuit\/#webpage","url":"https:\/\/pauloverissimo.pt\/fr\/devis-gratuit\/","name":"Gestion Financi\u00e8re | Demandez-nous un Devis Gratuit - Paulo Ver\u00edssimo","isPartOf":{"@id":"https:\/\/pauloverissimo.pt\/#website"},"datePublished":"2022-05-26T18:26:44+00:00","dateModified":"2022-07-26T14:16:41+00:00","description":"Besoin de notre aide? Nous sommes toujours disponibles pour vous, pour votre entreprise et votre succ\u00e8s. Demandez-nous un devis gratuit!","breadcrumb":{"@id":"https:\/\/pauloverissimo.pt\/fr\/devis-gratuit\/#breadcrumb"},"inLanguage":"fr-FR","potentialAction":[{"@type":"ReadAction","target":["https:\/\/pauloverissimo.pt\/fr\/devis-gratuit\/"]}]},{"@type":"BreadcrumbList","@id":"https:\/\/pauloverissimo.pt\/fr\/devis-gratuit\/#breadcrumb","itemListElement":[{"@type":"ListItem","position":1,"name":"Home","item":"https:\/\/pauloverissimo.pt\/fr\/"},{"@type":"ListItem","position":2,"name":"Budget"}]}]}},"_links":{"self":[{"href":"https:\/\/pauloverissimo.pt\/fr\/wp-json\/wp\/v2\/pages\/1414"}],"collection":[{"href":"https:\/\/pauloverissimo.pt\/fr\/wp-json\/wp\/v2\/pages"}],"about":[{"href":"https:\/\/pauloverissimo.pt\/fr\/wp-json\/wp\/v2\/types\/page"}],"author":[{"embeddable":true,"href":"https:\/\/pauloverissimo.pt\/fr\/wp-json\/wp\/v2\/users\/1"}],"replies":[{"embeddable":true,"href":"https:\/\/pauloverissimo.pt\/fr\/wp-json\/wp\/v2\/comments?post=1414"}],"version-history":[{"count":6,"href":"https:\/\/pauloverissimo.pt\/fr\/wp-json\/wp\/v2\/pages\/1414\/revisions"}],"predecessor-version":[{"id":1950,"href":"https:\/\/pauloverissimo.pt\/fr\/wp-json\/wp\/v2\/pages\/1414\/revisions\/1950"}],"wp:attachment":[{"href":"https:\/\/pauloverissimo.pt\/fr\/wp-json\/wp\/v2\/media?parent=1414"}],"curies":[{"name":"wp","href":"https:\/\/api.w.org\/{rel}","templated":true}]}}