{"id":1410,"date":"2022-05-26T18:31:41","date_gmt":"2022-05-26T18:31:41","guid":{"rendered":"http:\/\/pauloverissimo.pt\/contactos\/"},"modified":"2022-12-13T18:59:42","modified_gmt":"2022-12-13T18:59:42","slug":"contacts","status":"publish","type":"page","link":"https:\/\/pauloverissimo.pt\/fr\/contacts\/","title":{"rendered":"Contacts"},"content":{"rendered":"","protected":false},"excerpt":{"rendered":"","protected":false},"author":1,"featured_media":1621,"parent":0,"menu_order":0,"comment_status":"closed","ping_status":"closed","template":"template-contactos.php","meta":[],"acf":[],"yoast_head":"<!-- This site is optimized with the Yoast SEO plugin v18.9 - https:\/\/yoast.com\/wordpress\/plugins\/seo\/ -->\n<title>Services de Comptabilit\u00e9, Fiscalit\u00e9, Gestion et Conseil | Contactez-nous!<\/title>\n<meta name=\"description\" content=\"Avec notre aide, vous trouverez une \u00e9quipe exp\u00e9riment\u00e9e capable de vous aider dans les services de comptabilit\u00e9, de fiscalit\u00e9 et plus encore!\" \/>\n<meta name=\"robots\" content=\"index, follow, max-snippet:-1, max-image-preview:large, max-video-preview:-1\" \/>\n<link rel=\"canonical\" href=\"https:\/\/pauloverissimo.pt\/fr\/contacts\/\" \/>\n<meta property=\"og:locale\" content=\"fr_FR\" \/>\n<meta property=\"og:type\" content=\"article\" \/>\n<meta property=\"og:title\" content=\"Services de Comptabilit\u00e9, Fiscalit\u00e9, Gestion et Conseil | Contactez-nous!\" \/>\n<meta property=\"og:description\" content=\"Avec notre aide, vous trouverez une \u00e9quipe exp\u00e9riment\u00e9e capable de vous aider dans les services de comptabilit\u00e9, de fiscalit\u00e9 et plus encore!\" \/>\n<meta property=\"og:url\" content=\"https:\/\/pauloverissimo.pt\/fr\/contacts\/\" \/>\n<meta property=\"og:site_name\" content=\"Paulo Ver\u00edssimo - Contabilista Certificado em S\u00e3o Miguel, A\u00e7ores\" \/>\n<meta property=\"article:modified_time\" content=\"2022-12-13T18:59:42+00:00\" \/>\n<meta property=\"og:image\" content=\"https:\/\/pauloverissimo.pt\/wp-content\/uploads\/2022\/07\/a7i03753-scaled.jpg\" \/>\n\t<meta property=\"og:image:width\" content=\"2560\" \/>\n\t<meta property=\"og:image:height\" content=\"1706\" \/>\n\t<meta property=\"og:image:type\" content=\"image\/jpeg\" \/>\n<meta name=\"twitter:card\" content=\"summary_large_image\" \/>\n<script type=\"application\/ld+json\" class=\"yoast-schema-graph\">{\"@context\":\"https:\/\/schema.org\",\"@graph\":[{\"@type\":\"WebSite\",\"@id\":\"https:\/\/pauloverissimo.pt\/#website\",\"url\":\"https:\/\/pauloverissimo.pt\/\",\"name\":\"Paulo Ver\u00edssimo - Contabilista Certificado em S\u00e3o Miguel, A\u00e7ores\",\"description\":\"\",\"potentialAction\":[{\"@type\":\"SearchAction\",\"target\":{\"@type\":\"EntryPoint\",\"urlTemplate\":\"https:\/\/pauloverissimo.pt\/?s={search_term_string}\"},\"query-input\":\"required name=search_term_string\"}],\"inLanguage\":\"fr-FR\"},{\"@type\":\"ImageObject\",\"inLanguage\":\"fr-FR\",\"@id\":\"https:\/\/pauloverissimo.pt\/fr\/contacts\/#primaryimage\",\"url\":\"https:\/\/pauloverissimo.pt\/wp-content\/uploads\/2022\/07\/a7i03753-scaled.jpg\",\"contentUrl\":\"https:\/\/pauloverissimo.pt\/wp-content\/uploads\/2022\/07\/a7i03753-scaled.jpg\",\"width\":2560,\"height\":1706},{\"@type\":\"WebPage\",\"@id\":\"https:\/\/pauloverissimo.pt\/fr\/contacts\/#webpage\",\"url\":\"https:\/\/pauloverissimo.pt\/fr\/contacts\/\",\"name\":\"Services de Comptabilit\u00e9, Fiscalit\u00e9, Gestion et Conseil | Contactez-nous!\",\"isPartOf\":{\"@id\":\"https:\/\/pauloverissimo.pt\/#website\"},\"primaryImageOfPage\":{\"@id\":\"https:\/\/pauloverissimo.pt\/fr\/contacts\/#primaryimage\"},\"datePublished\":\"2022-05-26T18:31:41+00:00\",\"dateModified\":\"2022-12-13T18:59:42+00:00\",\"description\":\"Avec notre aide, vous trouverez une \u00e9quipe exp\u00e9riment\u00e9e capable de vous aider dans les services de comptabilit\u00e9, de fiscalit\u00e9 et plus encore!\",\"breadcrumb\":{\"@id\":\"https:\/\/pauloverissimo.pt\/fr\/contacts\/#breadcrumb\"},\"inLanguage\":\"fr-FR\",\"potentialAction\":[{\"@type\":\"ReadAction\",\"target\":[\"https:\/\/pauloverissimo.pt\/fr\/contacts\/\"]}]},{\"@type\":\"BreadcrumbList\",\"@id\":\"https:\/\/pauloverissimo.pt\/fr\/contacts\/#breadcrumb\",\"itemListElement\":[{\"@type\":\"ListItem\",\"position\":1,\"name\":\"Home\",\"item\":\"https:\/\/pauloverissimo.pt\/fr\/\"},{\"@type\":\"ListItem\",\"position\":2,\"name\":\"Contacts\"}]}]}<\/script>\n<!-- \/ Yoast SEO plugin. -->","yoast_head_json":{"title":"Services de Comptabilit\u00e9, Fiscalit\u00e9, Gestion et Conseil | Contactez-nous!","description":"Avec notre aide, vous trouverez une \u00e9quipe exp\u00e9riment\u00e9e capable de vous aider dans les services de comptabilit\u00e9, de fiscalit\u00e9 et plus encore!","robots":{"index":"index","follow":"follow","max-snippet":"max-snippet:-1","max-image-preview":"max-image-preview:large","max-video-preview":"max-video-preview:-1"},"canonical":"https:\/\/pauloverissimo.pt\/fr\/contacts\/","og_locale":"fr_FR","og_type":"article","og_title":"Services de Comptabilit\u00e9, Fiscalit\u00e9, Gestion et Conseil | Contactez-nous!","og_description":"Avec notre aide, vous trouverez une \u00e9quipe exp\u00e9riment\u00e9e capable de vous aider dans les services de comptabilit\u00e9, de fiscalit\u00e9 et plus encore!","og_url":"https:\/\/pauloverissimo.pt\/fr\/contacts\/","og_site_name":"Paulo Ver\u00edssimo - Contabilista Certificado em S\u00e3o Miguel, A\u00e7ores","article_modified_time":"2022-12-13T18:59:42+00:00","og_image":[{"width":2560,"height":1706,"url":"https:\/\/pauloverissimo.pt\/wp-content\/uploads\/2022\/07\/a7i03753-scaled.jpg","type":"image\/jpeg"}],"twitter_card":"summary_large_image","schema":{"@context":"https:\/\/schema.org","@graph":[{"@type":"WebSite","@id":"https:\/\/pauloverissimo.pt\/#website","url":"https:\/\/pauloverissimo.pt\/","name":"Paulo Ver\u00edssimo - Contabilista Certificado em S\u00e3o Miguel, A\u00e7ores","description":"","potentialAction":[{"@type":"SearchAction","target":{"@type":"EntryPoint","urlTemplate":"https:\/\/pauloverissimo.pt\/?s={search_term_string}"},"query-input":"required name=search_term_string"}],"inLanguage":"fr-FR"},{"@type":"ImageObject","inLanguage":"fr-FR","@id":"https:\/\/pauloverissimo.pt\/fr\/contacts\/#primaryimage","url":"https:\/\/pauloverissimo.pt\/wp-content\/uploads\/2022\/07\/a7i03753-scaled.jpg","contentUrl":"https:\/\/pauloverissimo.pt\/wp-content\/uploads\/2022\/07\/a7i03753-scaled.jpg","width":2560,"height":1706},{"@type":"WebPage","@id":"https:\/\/pauloverissimo.pt\/fr\/contacts\/#webpage","url":"https:\/\/pauloverissimo.pt\/fr\/contacts\/","name":"Services de Comptabilit\u00e9, Fiscalit\u00e9, Gestion et Conseil | Contactez-nous!","isPartOf":{"@id":"https:\/\/pauloverissimo.pt\/#website"},"primaryImageOfPage":{"@id":"https:\/\/pauloverissimo.pt\/fr\/contacts\/#primaryimage"},"datePublished":"2022-05-26T18:31:41+00:00","dateModified":"2022-12-13T18:59:42+00:00","description":"Avec notre aide, vous trouverez une \u00e9quipe exp\u00e9riment\u00e9e capable de vous aider dans les services de comptabilit\u00e9, de fiscalit\u00e9 et plus encore!","breadcrumb":{"@id":"https:\/\/pauloverissimo.pt\/fr\/contacts\/#breadcrumb"},"inLanguage":"fr-FR","potentialAction":[{"@type":"ReadAction","target":["https:\/\/pauloverissimo.pt\/fr\/contacts\/"]}]},{"@type":"BreadcrumbList","@id":"https:\/\/pauloverissimo.pt\/fr\/contacts\/#breadcrumb","itemListElement":[{"@type":"ListItem","position":1,"name":"Home","item":"https:\/\/pauloverissimo.pt\/fr\/"},{"@type":"ListItem","position":2,"name":"Contacts"}]}]}},"_links":{"self":[{"href":"https:\/\/pauloverissimo.pt\/fr\/wp-json\/wp\/v2\/pages\/1410"}],"collection":[{"href":"https:\/\/pauloverissimo.pt\/fr\/wp-json\/wp\/v2\/pages"}],"about":[{"href":"https:\/\/pauloverissimo.pt\/fr\/wp-json\/wp\/v2\/types\/page"}],"author":[{"embeddable":true,"href":"https:\/\/pauloverissimo.pt\/fr\/wp-json\/wp\/v2\/users\/1"}],"replies":[{"embeddable":true,"href":"https:\/\/pauloverissimo.pt\/fr\/wp-json\/wp\/v2\/comments?post=1410"}],"version-history":[{"count":9,"href":"https:\/\/pauloverissimo.pt\/fr\/wp-json\/wp\/v2\/pages\/1410\/revisions"}],"predecessor-version":[{"id":2592,"href":"https:\/\/pauloverissimo.pt\/fr\/wp-json\/wp\/v2\/pages\/1410\/revisions\/2592"}],"wp:featuredmedia":[{"embeddable":true,"href":"https:\/\/pauloverissimo.pt\/fr\/wp-json\/wp\/v2\/media\/1621"}],"wp:attachment":[{"href":"https:\/\/pauloverissimo.pt\/fr\/wp-json\/wp\/v2\/media?parent=1410"}],"curies":[{"name":"wp","href":"https:\/\/api.w.org\/{rel}","templated":true}]}}