{"id":1411,"date":"2022-05-26T18:31:41","date_gmt":"2022-05-26T18:31:41","guid":{"rendered":"http:\/\/pauloverissimo.pt\/contactos\/"},"modified":"2022-12-13T19:02:02","modified_gmt":"2022-12-13T19:02:02","slug":"contactos","status":"publish","type":"page","link":"https:\/\/pauloverissimo.pt\/es\/contactos\/","title":{"rendered":"Contactos"},"content":{"rendered":"","protected":false},"excerpt":{"rendered":"","protected":false},"author":1,"featured_media":1622,"parent":0,"menu_order":0,"comment_status":"closed","ping_status":"closed","template":"template-contactos.php","meta":[],"acf":[],"yoast_head":"<!-- This site is optimized with the Yoast SEO plugin v18.9 - https:\/\/yoast.com\/wordpress\/plugins\/seo\/ -->\n<title>Consultor\u00eda Empresarial | Los Mejores Servicios de Contabilidad para S\u00ed<\/title>\n<meta name=\"description\" content=\"\u00a1Con nuestra ayuda, encontrar\u00e1 un equipo experimentado que le ayudar\u00e1 con los servicios de consultor\u00eda empresarial, contabilidad y mucho ms!\" \/>\n<meta name=\"robots\" content=\"index, follow, max-snippet:-1, max-image-preview:large, max-video-preview:-1\" \/>\n<link rel=\"canonical\" href=\"https:\/\/pauloverissimo.pt\/es\/contactos\/\" \/>\n<meta property=\"og:locale\" content=\"es_ES\" \/>\n<meta property=\"og:type\" content=\"article\" \/>\n<meta property=\"og:title\" content=\"Consultor\u00eda Empresarial | Los Mejores Servicios de Contabilidad para S\u00ed\" \/>\n<meta property=\"og:description\" content=\"\u00a1Con nuestra ayuda, encontrar\u00e1 un equipo experimentado que le ayudar\u00e1 con los servicios de consultor\u00eda empresarial, contabilidad y mucho ms!\" \/>\n<meta property=\"og:url\" content=\"https:\/\/pauloverissimo.pt\/es\/contactos\/\" \/>\n<meta property=\"og:site_name\" content=\"Paulo Ver\u00edssimo - Contabilista Certificado em S\u00e3o Miguel, A\u00e7ores\" \/>\n<meta property=\"article:modified_time\" content=\"2022-12-13T19:02:02+00:00\" \/>\n<meta property=\"og:image\" content=\"https:\/\/pauloverissimo.pt\/wp-content\/uploads\/2022\/07\/a7i03753-scaled.jpg\" \/>\n\t<meta property=\"og:image:width\" content=\"2560\" \/>\n\t<meta property=\"og:image:height\" content=\"1706\" \/>\n\t<meta property=\"og:image:type\" content=\"image\/jpeg\" \/>\n<meta name=\"twitter:card\" content=\"summary_large_image\" \/>\n<script type=\"application\/ld+json\" class=\"yoast-schema-graph\">{\"@context\":\"https:\/\/schema.org\",\"@graph\":[{\"@type\":\"WebSite\",\"@id\":\"https:\/\/pauloverissimo.pt\/#website\",\"url\":\"https:\/\/pauloverissimo.pt\/\",\"name\":\"Paulo Ver\u00edssimo - Contabilista Certificado em S\u00e3o Miguel, A\u00e7ores\",\"description\":\"\",\"potentialAction\":[{\"@type\":\"SearchAction\",\"target\":{\"@type\":\"EntryPoint\",\"urlTemplate\":\"https:\/\/pauloverissimo.pt\/?s={search_term_string}\"},\"query-input\":\"required name=search_term_string\"}],\"inLanguage\":\"es\"},{\"@type\":\"ImageObject\",\"inLanguage\":\"es\",\"@id\":\"https:\/\/pauloverissimo.pt\/es\/contactos\/#primaryimage\",\"url\":\"https:\/\/pauloverissimo.pt\/wp-content\/uploads\/2022\/07\/a7i03753-scaled.jpg\",\"contentUrl\":\"https:\/\/pauloverissimo.pt\/wp-content\/uploads\/2022\/07\/a7i03753-scaled.jpg\",\"width\":2560,\"height\":1706},{\"@type\":\"WebPage\",\"@id\":\"https:\/\/pauloverissimo.pt\/es\/contactos\/#webpage\",\"url\":\"https:\/\/pauloverissimo.pt\/es\/contactos\/\",\"name\":\"Consultor\u00eda Empresarial | Los Mejores Servicios de Contabilidad para S\u00ed\",\"isPartOf\":{\"@id\":\"https:\/\/pauloverissimo.pt\/#website\"},\"primaryImageOfPage\":{\"@id\":\"https:\/\/pauloverissimo.pt\/es\/contactos\/#primaryimage\"},\"datePublished\":\"2022-05-26T18:31:41+00:00\",\"dateModified\":\"2022-12-13T19:02:02+00:00\",\"description\":\"\u00a1Con nuestra ayuda, encontrar\u00e1 un equipo experimentado que le ayudar\u00e1 con los servicios de consultor\u00eda empresarial, contabilidad y mucho ms!\",\"breadcrumb\":{\"@id\":\"https:\/\/pauloverissimo.pt\/es\/contactos\/#breadcrumb\"},\"inLanguage\":\"es\",\"potentialAction\":[{\"@type\":\"ReadAction\",\"target\":[\"https:\/\/pauloverissimo.pt\/es\/contactos\/\"]}]},{\"@type\":\"BreadcrumbList\",\"@id\":\"https:\/\/pauloverissimo.pt\/es\/contactos\/#breadcrumb\",\"itemListElement\":[{\"@type\":\"ListItem\",\"position\":1,\"name\":\"Home\",\"item\":\"https:\/\/pauloverissimo.pt\/es\/\"},{\"@type\":\"ListItem\",\"position\":2,\"name\":\"Contactos\"}]}]}<\/script>\n<!-- \/ Yoast SEO plugin. -->","yoast_head_json":{"title":"Consultor\u00eda Empresarial | Los Mejores Servicios de Contabilidad para S\u00ed","description":"\u00a1Con nuestra ayuda, encontrar\u00e1 un equipo experimentado que le ayudar\u00e1 con los servicios de consultor\u00eda empresarial, contabilidad y mucho ms!","robots":{"index":"index","follow":"follow","max-snippet":"max-snippet:-1","max-image-preview":"max-image-preview:large","max-video-preview":"max-video-preview:-1"},"canonical":"https:\/\/pauloverissimo.pt\/es\/contactos\/","og_locale":"es_ES","og_type":"article","og_title":"Consultor\u00eda Empresarial | Los Mejores Servicios de Contabilidad para S\u00ed","og_description":"\u00a1Con nuestra ayuda, encontrar\u00e1 un equipo experimentado que le ayudar\u00e1 con los servicios de consultor\u00eda empresarial, contabilidad y mucho ms!","og_url":"https:\/\/pauloverissimo.pt\/es\/contactos\/","og_site_name":"Paulo Ver\u00edssimo - Contabilista Certificado em S\u00e3o Miguel, A\u00e7ores","article_modified_time":"2022-12-13T19:02:02+00:00","og_image":[{"width":2560,"height":1706,"url":"https:\/\/pauloverissimo.pt\/wp-content\/uploads\/2022\/07\/a7i03753-scaled.jpg","type":"image\/jpeg"}],"twitter_card":"summary_large_image","schema":{"@context":"https:\/\/schema.org","@graph":[{"@type":"WebSite","@id":"https:\/\/pauloverissimo.pt\/#website","url":"https:\/\/pauloverissimo.pt\/","name":"Paulo Ver\u00edssimo - Contabilista Certificado em S\u00e3o Miguel, A\u00e7ores","description":"","potentialAction":[{"@type":"SearchAction","target":{"@type":"EntryPoint","urlTemplate":"https:\/\/pauloverissimo.pt\/?s={search_term_string}"},"query-input":"required name=search_term_string"}],"inLanguage":"es"},{"@type":"ImageObject","inLanguage":"es","@id":"https:\/\/pauloverissimo.pt\/es\/contactos\/#primaryimage","url":"https:\/\/pauloverissimo.pt\/wp-content\/uploads\/2022\/07\/a7i03753-scaled.jpg","contentUrl":"https:\/\/pauloverissimo.pt\/wp-content\/uploads\/2022\/07\/a7i03753-scaled.jpg","width":2560,"height":1706},{"@type":"WebPage","@id":"https:\/\/pauloverissimo.pt\/es\/contactos\/#webpage","url":"https:\/\/pauloverissimo.pt\/es\/contactos\/","name":"Consultor\u00eda Empresarial | Los Mejores Servicios de Contabilidad para S\u00ed","isPartOf":{"@id":"https:\/\/pauloverissimo.pt\/#website"},"primaryImageOfPage":{"@id":"https:\/\/pauloverissimo.pt\/es\/contactos\/#primaryimage"},"datePublished":"2022-05-26T18:31:41+00:00","dateModified":"2022-12-13T19:02:02+00:00","description":"\u00a1Con nuestra ayuda, encontrar\u00e1 un equipo experimentado que le ayudar\u00e1 con los servicios de consultor\u00eda empresarial, contabilidad y mucho ms!","breadcrumb":{"@id":"https:\/\/pauloverissimo.pt\/es\/contactos\/#breadcrumb"},"inLanguage":"es","potentialAction":[{"@type":"ReadAction","target":["https:\/\/pauloverissimo.pt\/es\/contactos\/"]}]},{"@type":"BreadcrumbList","@id":"https:\/\/pauloverissimo.pt\/es\/contactos\/#breadcrumb","itemListElement":[{"@type":"ListItem","position":1,"name":"Home","item":"https:\/\/pauloverissimo.pt\/es\/"},{"@type":"ListItem","position":2,"name":"Contactos"}]}]}},"_links":{"self":[{"href":"https:\/\/pauloverissimo.pt\/es\/wp-json\/wp\/v2\/pages\/1411"}],"collection":[{"href":"https:\/\/pauloverissimo.pt\/es\/wp-json\/wp\/v2\/pages"}],"about":[{"href":"https:\/\/pauloverissimo.pt\/es\/wp-json\/wp\/v2\/types\/page"}],"author":[{"embeddable":true,"href":"https:\/\/pauloverissimo.pt\/es\/wp-json\/wp\/v2\/users\/1"}],"replies":[{"embeddable":true,"href":"https:\/\/pauloverissimo.pt\/es\/wp-json\/wp\/v2\/comments?post=1411"}],"version-history":[{"count":8,"href":"https:\/\/pauloverissimo.pt\/es\/wp-json\/wp\/v2\/pages\/1411\/revisions"}],"predecessor-version":[{"id":2595,"href":"https:\/\/pauloverissimo.pt\/es\/wp-json\/wp\/v2\/pages\/1411\/revisions\/2595"}],"wp:featuredmedia":[{"embeddable":true,"href":"https:\/\/pauloverissimo.pt\/es\/wp-json\/wp\/v2\/media\/1622"}],"wp:attachment":[{"href":"https:\/\/pauloverissimo.pt\/es\/wp-json\/wp\/v2\/media?parent=1411"}],"curies":[{"name":"wp","href":"https:\/\/api.w.org\/{rel}","templated":true}]}}