{"id":1409,"date":"2022-05-26T18:32:43","date_gmt":"2022-05-26T18:32:43","guid":{"rendered":"http:\/\/pauloverissimo.pt\/candidate-se\/"},"modified":"2022-07-26T14:18:24","modified_gmt":"2022-07-26T14:18:24","slug":"solicitud","status":"publish","type":"page","link":"https:\/\/pauloverissimo.pt\/es\/solicitud\/","title":{"rendered":"Solicitud"},"content":{"rendered":"","protected":false},"excerpt":{"rendered":"","protected":false},"author":1,"featured_media":0,"parent":0,"menu_order":0,"comment_status":"closed","ping_status":"closed","template":"template-candidatura.php","meta":[],"acf":[],"yoast_head":"<!-- This site is optimized with the Yoast SEO plugin v18.9 - https:\/\/yoast.com\/wordpress\/plugins\/seo\/ -->\n<title>Contabilidad Ponta Delgada | \u00a1\u00danete a nuestro equipo! - Paulo Ver\u00edssimo<\/title>\n<meta name=\"description\" content=\"\u00a1\u00danase a nuestro equipo profesional y multidisciplinario de contadores! Reg\u00edstrese y prep\u00e1rese para trabajar con nosotros.\" \/>\n<meta name=\"robots\" content=\"index, follow, max-snippet:-1, max-image-preview:large, max-video-preview:-1\" \/>\n<link rel=\"canonical\" href=\"https:\/\/pauloverissimo.pt\/es\/solicitud\/\" \/>\n<meta property=\"og:locale\" content=\"es_ES\" \/>\n<meta property=\"og:type\" content=\"article\" \/>\n<meta property=\"og:title\" content=\"Contabilidad Ponta Delgada | \u00a1\u00danete a nuestro equipo! - Paulo Ver\u00edssimo\" \/>\n<meta property=\"og:description\" content=\"\u00a1\u00danase a nuestro equipo profesional y multidisciplinario de contadores! Reg\u00edstrese y prep\u00e1rese para trabajar con nosotros.\" \/>\n<meta property=\"og:url\" content=\"https:\/\/pauloverissimo.pt\/es\/solicitud\/\" \/>\n<meta property=\"og:site_name\" content=\"Paulo Ver\u00edssimo - Contabilista Certificado em S\u00e3o Miguel, A\u00e7ores\" \/>\n<meta property=\"article:modified_time\" content=\"2022-07-26T14:18:24+00:00\" \/>\n<meta name=\"twitter:card\" content=\"summary_large_image\" \/>\n<script type=\"application\/ld+json\" class=\"yoast-schema-graph\">{\"@context\":\"https:\/\/schema.org\",\"@graph\":[{\"@type\":\"WebSite\",\"@id\":\"https:\/\/pauloverissimo.pt\/#website\",\"url\":\"https:\/\/pauloverissimo.pt\/\",\"name\":\"Paulo Ver\u00edssimo - Contabilista Certificado em S\u00e3o Miguel, A\u00e7ores\",\"description\":\"\",\"potentialAction\":[{\"@type\":\"SearchAction\",\"target\":{\"@type\":\"EntryPoint\",\"urlTemplate\":\"https:\/\/pauloverissimo.pt\/?s={search_term_string}\"},\"query-input\":\"required name=search_term_string\"}],\"inLanguage\":\"es\"},{\"@type\":\"WebPage\",\"@id\":\"https:\/\/pauloverissimo.pt\/es\/solicitud\/#webpage\",\"url\":\"https:\/\/pauloverissimo.pt\/es\/solicitud\/\",\"name\":\"Contabilidad Ponta Delgada | \u00a1\u00danete a nuestro equipo! - Paulo Ver\u00edssimo\",\"isPartOf\":{\"@id\":\"https:\/\/pauloverissimo.pt\/#website\"},\"datePublished\":\"2022-05-26T18:32:43+00:00\",\"dateModified\":\"2022-07-26T14:18:24+00:00\",\"description\":\"\u00a1\u00danase a nuestro equipo profesional y multidisciplinario de contadores! Reg\u00edstrese y prep\u00e1rese para trabajar con nosotros.\",\"breadcrumb\":{\"@id\":\"https:\/\/pauloverissimo.pt\/es\/solicitud\/#breadcrumb\"},\"inLanguage\":\"es\",\"potentialAction\":[{\"@type\":\"ReadAction\",\"target\":[\"https:\/\/pauloverissimo.pt\/es\/solicitud\/\"]}]},{\"@type\":\"BreadcrumbList\",\"@id\":\"https:\/\/pauloverissimo.pt\/es\/solicitud\/#breadcrumb\",\"itemListElement\":[{\"@type\":\"ListItem\",\"position\":1,\"name\":\"Home\",\"item\":\"https:\/\/pauloverissimo.pt\/es\/\"},{\"@type\":\"ListItem\",\"position\":2,\"name\":\"Solicitud\"}]}]}<\/script>\n<!-- \/ Yoast SEO plugin. -->","yoast_head_json":{"title":"Contabilidad Ponta Delgada | \u00a1\u00danete a nuestro equipo! - Paulo Ver\u00edssimo","description":"\u00a1\u00danase a nuestro equipo profesional y multidisciplinario de contadores! Reg\u00edstrese y prep\u00e1rese para trabajar con nosotros.","robots":{"index":"index","follow":"follow","max-snippet":"max-snippet:-1","max-image-preview":"max-image-preview:large","max-video-preview":"max-video-preview:-1"},"canonical":"https:\/\/pauloverissimo.pt\/es\/solicitud\/","og_locale":"es_ES","og_type":"article","og_title":"Contabilidad Ponta Delgada | \u00a1\u00danete a nuestro equipo! - Paulo Ver\u00edssimo","og_description":"\u00a1\u00danase a nuestro equipo profesional y multidisciplinario de contadores! Reg\u00edstrese y prep\u00e1rese para trabajar con nosotros.","og_url":"https:\/\/pauloverissimo.pt\/es\/solicitud\/","og_site_name":"Paulo Ver\u00edssimo - Contabilista Certificado em S\u00e3o Miguel, A\u00e7ores","article_modified_time":"2022-07-26T14:18:24+00:00","twitter_card":"summary_large_image","schema":{"@context":"https:\/\/schema.org","@graph":[{"@type":"WebSite","@id":"https:\/\/pauloverissimo.pt\/#website","url":"https:\/\/pauloverissimo.pt\/","name":"Paulo Ver\u00edssimo - Contabilista Certificado em S\u00e3o Miguel, A\u00e7ores","description":"","potentialAction":[{"@type":"SearchAction","target":{"@type":"EntryPoint","urlTemplate":"https:\/\/pauloverissimo.pt\/?s={search_term_string}"},"query-input":"required name=search_term_string"}],"inLanguage":"es"},{"@type":"WebPage","@id":"https:\/\/pauloverissimo.pt\/es\/solicitud\/#webpage","url":"https:\/\/pauloverissimo.pt\/es\/solicitud\/","name":"Contabilidad Ponta Delgada | \u00a1\u00danete a nuestro equipo! - Paulo Ver\u00edssimo","isPartOf":{"@id":"https:\/\/pauloverissimo.pt\/#website"},"datePublished":"2022-05-26T18:32:43+00:00","dateModified":"2022-07-26T14:18:24+00:00","description":"\u00a1\u00danase a nuestro equipo profesional y multidisciplinario de contadores! Reg\u00edstrese y prep\u00e1rese para trabajar con nosotros.","breadcrumb":{"@id":"https:\/\/pauloverissimo.pt\/es\/solicitud\/#breadcrumb"},"inLanguage":"es","potentialAction":[{"@type":"ReadAction","target":["https:\/\/pauloverissimo.pt\/es\/solicitud\/"]}]},{"@type":"BreadcrumbList","@id":"https:\/\/pauloverissimo.pt\/es\/solicitud\/#breadcrumb","itemListElement":[{"@type":"ListItem","position":1,"name":"Home","item":"https:\/\/pauloverissimo.pt\/es\/"},{"@type":"ListItem","position":2,"name":"Solicitud"}]}]}},"_links":{"self":[{"href":"https:\/\/pauloverissimo.pt\/es\/wp-json\/wp\/v2\/pages\/1409"}],"collection":[{"href":"https:\/\/pauloverissimo.pt\/es\/wp-json\/wp\/v2\/pages"}],"about":[{"href":"https:\/\/pauloverissimo.pt\/es\/wp-json\/wp\/v2\/types\/page"}],"author":[{"embeddable":true,"href":"https:\/\/pauloverissimo.pt\/es\/wp-json\/wp\/v2\/users\/1"}],"replies":[{"embeddable":true,"href":"https:\/\/pauloverissimo.pt\/es\/wp-json\/wp\/v2\/comments?post=1409"}],"version-history":[{"count":3,"href":"https:\/\/pauloverissimo.pt\/es\/wp-json\/wp\/v2\/pages\/1409\/revisions"}],"predecessor-version":[{"id":1957,"href":"https:\/\/pauloverissimo.pt\/es\/wp-json\/wp\/v2\/pages\/1409\/revisions\/1957"}],"wp:attachment":[{"href":"https:\/\/pauloverissimo.pt\/es\/wp-json\/wp\/v2\/media?parent=1409"}],"curies":[{"name":"wp","href":"https:\/\/api.w.org\/{rel}","templated":true}]}}