{"id":966,"date":"2022-05-26T18:31:41","date_gmt":"2022-05-26T18:31:41","guid":{"rendered":"http:\/\/pauloverissimo.pt\/contactos\/"},"modified":"2022-12-13T18:59:03","modified_gmt":"2022-12-13T18:59:03","slug":"contacts","status":"publish","type":"page","link":"https:\/\/pauloverissimo.pt\/en\/contacts\/","title":{"rendered":"Contacts"},"content":{"rendered":"","protected":false},"excerpt":{"rendered":"","protected":false},"author":1,"featured_media":704,"parent":0,"menu_order":0,"comment_status":"closed","ping_status":"closed","template":"template-contactos.php","meta":[],"acf":[],"yoast_head":"<!-- This site is optimized with the Yoast SEO plugin v18.9 - https:\/\/yoast.com\/wordpress\/plugins\/seo\/ -->\n<title>Paulo Ver\u00edssimo | Accounting, Taxation and Management Near You<\/title>\n<meta name=\"description\" content=\"With our help, you will find an experienced team capable of helping you with accounting, taxation, and management near you!\" \/>\n<meta name=\"robots\" content=\"index, follow, max-snippet:-1, max-image-preview:large, max-video-preview:-1\" \/>\n<link rel=\"canonical\" href=\"https:\/\/pauloverissimo.pt\/en\/contacts\/\" \/>\n<meta property=\"og:locale\" content=\"en_US\" \/>\n<meta property=\"og:type\" content=\"article\" \/>\n<meta property=\"og:title\" content=\"Paulo Ver\u00edssimo | Accounting, Taxation and Management Near You\" \/>\n<meta property=\"og:description\" content=\"With our help, you will find an experienced team capable of helping you with accounting, taxation, and management near you!\" \/>\n<meta property=\"og:url\" content=\"https:\/\/pauloverissimo.pt\/en\/contacts\/\" \/>\n<meta property=\"og:site_name\" content=\"Paulo Ver\u00edssimo - Contabilista Certificado em S\u00e3o Miguel, A\u00e7ores\" \/>\n<meta property=\"article:modified_time\" content=\"2022-12-13T18:59:03+00:00\" \/>\n<meta property=\"og:image\" content=\"https:\/\/pauloverissimo.pt\/wp-content\/uploads\/2019\/02\/pricing-bg.jpg\" \/>\n\t<meta property=\"og:image:width\" content=\"1920\" \/>\n\t<meta property=\"og:image:height\" content=\"600\" \/>\n\t<meta property=\"og:image:type\" content=\"image\/jpeg\" \/>\n<meta name=\"twitter:card\" content=\"summary_large_image\" \/>\n<script type=\"application\/ld+json\" class=\"yoast-schema-graph\">{\"@context\":\"https:\/\/schema.org\",\"@graph\":[{\"@type\":\"WebSite\",\"@id\":\"https:\/\/pauloverissimo.pt\/#website\",\"url\":\"https:\/\/pauloverissimo.pt\/\",\"name\":\"Paulo Ver\u00edssimo - Contabilista Certificado em S\u00e3o Miguel, A\u00e7ores\",\"description\":\"\",\"potentialAction\":[{\"@type\":\"SearchAction\",\"target\":{\"@type\":\"EntryPoint\",\"urlTemplate\":\"https:\/\/pauloverissimo.pt\/?s={search_term_string}\"},\"query-input\":\"required name=search_term_string\"}],\"inLanguage\":\"en-US\"},{\"@type\":\"ImageObject\",\"inLanguage\":\"en-US\",\"@id\":\"https:\/\/pauloverissimo.pt\/en\/contacts\/#primaryimage\",\"url\":\"https:\/\/pauloverissimo.pt\/wp-content\/uploads\/2019\/02\/pricing-bg.jpg\",\"contentUrl\":\"https:\/\/pauloverissimo.pt\/wp-content\/uploads\/2019\/02\/pricing-bg.jpg\",\"width\":1920,\"height\":600},{\"@type\":\"WebPage\",\"@id\":\"https:\/\/pauloverissimo.pt\/en\/contacts\/#webpage\",\"url\":\"https:\/\/pauloverissimo.pt\/en\/contacts\/\",\"name\":\"Paulo Ver\u00edssimo | Accounting, Taxation and Management Near You\",\"isPartOf\":{\"@id\":\"https:\/\/pauloverissimo.pt\/#website\"},\"primaryImageOfPage\":{\"@id\":\"https:\/\/pauloverissimo.pt\/en\/contacts\/#primaryimage\"},\"datePublished\":\"2022-05-26T18:31:41+00:00\",\"dateModified\":\"2022-12-13T18:59:03+00:00\",\"description\":\"With our help, you will find an experienced team capable of helping you with accounting, taxation, and management near you!\",\"breadcrumb\":{\"@id\":\"https:\/\/pauloverissimo.pt\/en\/contacts\/#breadcrumb\"},\"inLanguage\":\"en-US\",\"potentialAction\":[{\"@type\":\"ReadAction\",\"target\":[\"https:\/\/pauloverissimo.pt\/en\/contacts\/\"]}]},{\"@type\":\"BreadcrumbList\",\"@id\":\"https:\/\/pauloverissimo.pt\/en\/contacts\/#breadcrumb\",\"itemListElement\":[{\"@type\":\"ListItem\",\"position\":1,\"name\":\"Home\",\"item\":\"https:\/\/pauloverissimo.pt\/en\/\"},{\"@type\":\"ListItem\",\"position\":2,\"name\":\"Contacts\"}]}]}<\/script>\n<!-- \/ Yoast SEO plugin. -->","yoast_head_json":{"title":"Paulo Ver\u00edssimo | Accounting, Taxation and Management Near You","description":"With our help, you will find an experienced team capable of helping you with accounting, taxation, and management near you!","robots":{"index":"index","follow":"follow","max-snippet":"max-snippet:-1","max-image-preview":"max-image-preview:large","max-video-preview":"max-video-preview:-1"},"canonical":"https:\/\/pauloverissimo.pt\/en\/contacts\/","og_locale":"en_US","og_type":"article","og_title":"Paulo Ver\u00edssimo | Accounting, Taxation and Management Near You","og_description":"With our help, you will find an experienced team capable of helping you with accounting, taxation, and management near you!","og_url":"https:\/\/pauloverissimo.pt\/en\/contacts\/","og_site_name":"Paulo Ver\u00edssimo - Contabilista Certificado em S\u00e3o Miguel, A\u00e7ores","article_modified_time":"2022-12-13T18:59:03+00:00","og_image":[{"width":1920,"height":600,"url":"https:\/\/pauloverissimo.pt\/wp-content\/uploads\/2019\/02\/pricing-bg.jpg","type":"image\/jpeg"}],"twitter_card":"summary_large_image","schema":{"@context":"https:\/\/schema.org","@graph":[{"@type":"WebSite","@id":"https:\/\/pauloverissimo.pt\/#website","url":"https:\/\/pauloverissimo.pt\/","name":"Paulo Ver\u00edssimo - Contabilista Certificado em S\u00e3o Miguel, A\u00e7ores","description":"","potentialAction":[{"@type":"SearchAction","target":{"@type":"EntryPoint","urlTemplate":"https:\/\/pauloverissimo.pt\/?s={search_term_string}"},"query-input":"required name=search_term_string"}],"inLanguage":"en-US"},{"@type":"ImageObject","inLanguage":"en-US","@id":"https:\/\/pauloverissimo.pt\/en\/contacts\/#primaryimage","url":"https:\/\/pauloverissimo.pt\/wp-content\/uploads\/2019\/02\/pricing-bg.jpg","contentUrl":"https:\/\/pauloverissimo.pt\/wp-content\/uploads\/2019\/02\/pricing-bg.jpg","width":1920,"height":600},{"@type":"WebPage","@id":"https:\/\/pauloverissimo.pt\/en\/contacts\/#webpage","url":"https:\/\/pauloverissimo.pt\/en\/contacts\/","name":"Paulo Ver\u00edssimo | Accounting, Taxation and Management Near You","isPartOf":{"@id":"https:\/\/pauloverissimo.pt\/#website"},"primaryImageOfPage":{"@id":"https:\/\/pauloverissimo.pt\/en\/contacts\/#primaryimage"},"datePublished":"2022-05-26T18:31:41+00:00","dateModified":"2022-12-13T18:59:03+00:00","description":"With our help, you will find an experienced team capable of helping you with accounting, taxation, and management near you!","breadcrumb":{"@id":"https:\/\/pauloverissimo.pt\/en\/contacts\/#breadcrumb"},"inLanguage":"en-US","potentialAction":[{"@type":"ReadAction","target":["https:\/\/pauloverissimo.pt\/en\/contacts\/"]}]},{"@type":"BreadcrumbList","@id":"https:\/\/pauloverissimo.pt\/en\/contacts\/#breadcrumb","itemListElement":[{"@type":"ListItem","position":1,"name":"Home","item":"https:\/\/pauloverissimo.pt\/en\/"},{"@type":"ListItem","position":2,"name":"Contacts"}]}]}},"_links":{"self":[{"href":"https:\/\/pauloverissimo.pt\/en\/wp-json\/wp\/v2\/pages\/966"}],"collection":[{"href":"https:\/\/pauloverissimo.pt\/en\/wp-json\/wp\/v2\/pages"}],"about":[{"href":"https:\/\/pauloverissimo.pt\/en\/wp-json\/wp\/v2\/types\/page"}],"author":[{"embeddable":true,"href":"https:\/\/pauloverissimo.pt\/en\/wp-json\/wp\/v2\/users\/1"}],"replies":[{"embeddable":true,"href":"https:\/\/pauloverissimo.pt\/en\/wp-json\/wp\/v2\/comments?post=966"}],"version-history":[{"count":9,"href":"https:\/\/pauloverissimo.pt\/en\/wp-json\/wp\/v2\/pages\/966\/revisions"}],"predecessor-version":[{"id":2591,"href":"https:\/\/pauloverissimo.pt\/en\/wp-json\/wp\/v2\/pages\/966\/revisions\/2591"}],"wp:featuredmedia":[{"embeddable":true,"href":"https:\/\/pauloverissimo.pt\/en\/wp-json\/wp\/v2\/media\/704"}],"wp:attachment":[{"href":"https:\/\/pauloverissimo.pt\/en\/wp-json\/wp\/v2\/media?parent=966"}],"curies":[{"name":"wp","href":"https:\/\/api.w.org\/{rel}","templated":true}]}}