{"id":962,"date":"2022-05-26T18:26:44","date_gmt":"2022-05-26T18:26:44","guid":{"rendered":"http:\/\/pauloverissimo.pt\/orcamento\/"},"modified":"2022-07-26T14:16:25","modified_gmt":"2022-07-26T14:16:25","slug":"quote","status":"publish","type":"page","link":"https:\/\/pauloverissimo.pt\/en\/quote\/","title":{"rendered":"Quote"},"content":{"rendered":"","protected":false},"excerpt":{"rendered":"","protected":false},"author":1,"featured_media":0,"parent":0,"menu_order":0,"comment_status":"closed","ping_status":"closed","template":"template-orcamento.php","meta":[],"acf":[],"yoast_head":"<!-- This site is optimized with the Yoast SEO plugin v18.9 - https:\/\/yoast.com\/wordpress\/plugins\/seo\/ -->\n<title>Free Quote | Paulo Ver\u00edssimo - Accounting Services in the Azores<\/title>\n<meta name=\"description\" content=\"Need our help? We are always available for you, your business and your success. Ask us for a free quote or talk to us!\" \/>\n<meta name=\"robots\" content=\"index, follow, max-snippet:-1, max-image-preview:large, max-video-preview:-1\" \/>\n<link rel=\"canonical\" href=\"https:\/\/pauloverissimo.pt\/en\/quote\/\" \/>\n<meta property=\"og:locale\" content=\"en_US\" \/>\n<meta property=\"og:type\" content=\"article\" \/>\n<meta property=\"og:title\" content=\"Free Quote | Paulo Ver\u00edssimo - Accounting Services in the Azores\" \/>\n<meta property=\"og:description\" content=\"Need our help? We are always available for you, your business and your success. Ask us for a free quote or talk to us!\" \/>\n<meta property=\"og:url\" content=\"https:\/\/pauloverissimo.pt\/en\/quote\/\" \/>\n<meta property=\"og:site_name\" content=\"Paulo Ver\u00edssimo - Contabilista Certificado em S\u00e3o Miguel, A\u00e7ores\" \/>\n<meta property=\"article:modified_time\" content=\"2022-07-26T14:16:25+00:00\" \/>\n<meta name=\"twitter:card\" content=\"summary_large_image\" \/>\n<script type=\"application\/ld+json\" class=\"yoast-schema-graph\">{\"@context\":\"https:\/\/schema.org\",\"@graph\":[{\"@type\":\"WebSite\",\"@id\":\"https:\/\/pauloverissimo.pt\/#website\",\"url\":\"https:\/\/pauloverissimo.pt\/\",\"name\":\"Paulo Ver\u00edssimo - Contabilista Certificado em S\u00e3o Miguel, A\u00e7ores\",\"description\":\"\",\"potentialAction\":[{\"@type\":\"SearchAction\",\"target\":{\"@type\":\"EntryPoint\",\"urlTemplate\":\"https:\/\/pauloverissimo.pt\/?s={search_term_string}\"},\"query-input\":\"required name=search_term_string\"}],\"inLanguage\":\"en-US\"},{\"@type\":\"WebPage\",\"@id\":\"https:\/\/pauloverissimo.pt\/en\/quote\/#webpage\",\"url\":\"https:\/\/pauloverissimo.pt\/en\/quote\/\",\"name\":\"Free Quote | Paulo Ver\u00edssimo - Accounting Services in the Azores\",\"isPartOf\":{\"@id\":\"https:\/\/pauloverissimo.pt\/#website\"},\"datePublished\":\"2022-05-26T18:26:44+00:00\",\"dateModified\":\"2022-07-26T14:16:25+00:00\",\"description\":\"Need our help? We are always available for you, your business and your success. Ask us for a free quote or talk to us!\",\"breadcrumb\":{\"@id\":\"https:\/\/pauloverissimo.pt\/en\/quote\/#breadcrumb\"},\"inLanguage\":\"en-US\",\"potentialAction\":[{\"@type\":\"ReadAction\",\"target\":[\"https:\/\/pauloverissimo.pt\/en\/quote\/\"]}]},{\"@type\":\"BreadcrumbList\",\"@id\":\"https:\/\/pauloverissimo.pt\/en\/quote\/#breadcrumb\",\"itemListElement\":[{\"@type\":\"ListItem\",\"position\":1,\"name\":\"Home\",\"item\":\"https:\/\/pauloverissimo.pt\/en\/\"},{\"@type\":\"ListItem\",\"position\":2,\"name\":\"Quote\"}]}]}<\/script>\n<!-- \/ Yoast SEO plugin. -->","yoast_head_json":{"title":"Free Quote | Paulo Ver\u00edssimo - Accounting Services in the Azores","description":"Need our help? We are always available for you, your business and your success. Ask us for a free quote or talk to us!","robots":{"index":"index","follow":"follow","max-snippet":"max-snippet:-1","max-image-preview":"max-image-preview:large","max-video-preview":"max-video-preview:-1"},"canonical":"https:\/\/pauloverissimo.pt\/en\/quote\/","og_locale":"en_US","og_type":"article","og_title":"Free Quote | Paulo Ver\u00edssimo - Accounting Services in the Azores","og_description":"Need our help? We are always available for you, your business and your success. Ask us for a free quote or talk to us!","og_url":"https:\/\/pauloverissimo.pt\/en\/quote\/","og_site_name":"Paulo Ver\u00edssimo - Contabilista Certificado em S\u00e3o Miguel, A\u00e7ores","article_modified_time":"2022-07-26T14:16:25+00:00","twitter_card":"summary_large_image","schema":{"@context":"https:\/\/schema.org","@graph":[{"@type":"WebSite","@id":"https:\/\/pauloverissimo.pt\/#website","url":"https:\/\/pauloverissimo.pt\/","name":"Paulo Ver\u00edssimo - Contabilista Certificado em S\u00e3o Miguel, A\u00e7ores","description":"","potentialAction":[{"@type":"SearchAction","target":{"@type":"EntryPoint","urlTemplate":"https:\/\/pauloverissimo.pt\/?s={search_term_string}"},"query-input":"required name=search_term_string"}],"inLanguage":"en-US"},{"@type":"WebPage","@id":"https:\/\/pauloverissimo.pt\/en\/quote\/#webpage","url":"https:\/\/pauloverissimo.pt\/en\/quote\/","name":"Free Quote | Paulo Ver\u00edssimo - Accounting Services in the Azores","isPartOf":{"@id":"https:\/\/pauloverissimo.pt\/#website"},"datePublished":"2022-05-26T18:26:44+00:00","dateModified":"2022-07-26T14:16:25+00:00","description":"Need our help? We are always available for you, your business and your success. Ask us for a free quote or talk to us!","breadcrumb":{"@id":"https:\/\/pauloverissimo.pt\/en\/quote\/#breadcrumb"},"inLanguage":"en-US","potentialAction":[{"@type":"ReadAction","target":["https:\/\/pauloverissimo.pt\/en\/quote\/"]}]},{"@type":"BreadcrumbList","@id":"https:\/\/pauloverissimo.pt\/en\/quote\/#breadcrumb","itemListElement":[{"@type":"ListItem","position":1,"name":"Home","item":"https:\/\/pauloverissimo.pt\/en\/"},{"@type":"ListItem","position":2,"name":"Quote"}]}]}},"_links":{"self":[{"href":"https:\/\/pauloverissimo.pt\/en\/wp-json\/wp\/v2\/pages\/962"}],"collection":[{"href":"https:\/\/pauloverissimo.pt\/en\/wp-json\/wp\/v2\/pages"}],"about":[{"href":"https:\/\/pauloverissimo.pt\/en\/wp-json\/wp\/v2\/types\/page"}],"author":[{"embeddable":true,"href":"https:\/\/pauloverissimo.pt\/en\/wp-json\/wp\/v2\/users\/1"}],"replies":[{"embeddable":true,"href":"https:\/\/pauloverissimo.pt\/en\/wp-json\/wp\/v2\/comments?post=962"}],"version-history":[{"count":4,"href":"https:\/\/pauloverissimo.pt\/en\/wp-json\/wp\/v2\/pages\/962\/revisions"}],"predecessor-version":[{"id":1947,"href":"https:\/\/pauloverissimo.pt\/en\/wp-json\/wp\/v2\/pages\/962\/revisions\/1947"}],"wp:attachment":[{"href":"https:\/\/pauloverissimo.pt\/en\/wp-json\/wp\/v2\/media?parent=962"}],"curies":[{"name":"wp","href":"https:\/\/api.w.org\/{rel}","templated":true}]}}