{"id":956,"date":"2022-05-26T18:25:40","date_gmt":"2022-05-26T18:25:40","guid":{"rendered":"http:\/\/pauloverissimo.pt\/sobre-nos\/"},"modified":"2022-07-26T12:48:19","modified_gmt":"2022-07-26T12:48:19","slug":"about-us","status":"publish","type":"page","link":"https:\/\/pauloverissimo.pt\/en\/about-us\/","title":{"rendered":"About Us"},"content":{"rendered":"","protected":false},"excerpt":{"rendered":"","protected":false},"author":1,"featured_media":0,"parent":0,"menu_order":0,"comment_status":"closed","ping_status":"closed","template":"template-sobre-nos.php","meta":[],"acf":[],"yoast_head":"<!-- This site is optimized with the Yoast SEO plugin v18.9 - https:\/\/yoast.com\/wordpress\/plugins\/seo\/ -->\n<title>Accounting Services | Paulo Ver\u00edssimo - Certified Accountant in the Azores<\/title>\n<meta name=\"description\" content=\"Find out more about our company and trust in our accounting services. We are in Ponta Delgada, ready to help you at any time.\" \/>\n<meta name=\"robots\" content=\"index, follow, max-snippet:-1, max-image-preview:large, max-video-preview:-1\" \/>\n<link rel=\"canonical\" href=\"https:\/\/pauloverissimo.pt\/en\/about-us\/\" \/>\n<meta property=\"og:locale\" content=\"en_US\" \/>\n<meta property=\"og:type\" content=\"article\" \/>\n<meta property=\"og:title\" content=\"Accounting Services | Paulo Ver\u00edssimo - Certified Accountant in the Azores\" \/>\n<meta property=\"og:description\" content=\"Find out more about our company and trust in our accounting services. We are in Ponta Delgada, ready to help you at any time.\" \/>\n<meta property=\"og:url\" content=\"https:\/\/pauloverissimo.pt\/en\/about-us\/\" \/>\n<meta property=\"og:site_name\" content=\"Paulo Ver\u00edssimo - Contabilista Certificado em S\u00e3o Miguel, A\u00e7ores\" \/>\n<meta property=\"article:modified_time\" content=\"2022-07-26T12:48:19+00:00\" \/>\n<meta name=\"twitter:card\" content=\"summary_large_image\" \/>\n<script type=\"application\/ld+json\" class=\"yoast-schema-graph\">{\"@context\":\"https:\/\/schema.org\",\"@graph\":[{\"@type\":\"WebSite\",\"@id\":\"https:\/\/pauloverissimo.pt\/#website\",\"url\":\"https:\/\/pauloverissimo.pt\/\",\"name\":\"Paulo Ver\u00edssimo - Contabilista Certificado em S\u00e3o Miguel, A\u00e7ores\",\"description\":\"\",\"potentialAction\":[{\"@type\":\"SearchAction\",\"target\":{\"@type\":\"EntryPoint\",\"urlTemplate\":\"https:\/\/pauloverissimo.pt\/?s={search_term_string}\"},\"query-input\":\"required name=search_term_string\"}],\"inLanguage\":\"en-US\"},{\"@type\":\"WebPage\",\"@id\":\"https:\/\/pauloverissimo.pt\/en\/about-us\/#webpage\",\"url\":\"https:\/\/pauloverissimo.pt\/en\/about-us\/\",\"name\":\"Accounting Services | Paulo Ver\u00edssimo - Certified Accountant in the Azores\",\"isPartOf\":{\"@id\":\"https:\/\/pauloverissimo.pt\/#website\"},\"datePublished\":\"2022-05-26T18:25:40+00:00\",\"dateModified\":\"2022-07-26T12:48:19+00:00\",\"description\":\"Find out more about our company and trust in our accounting services. We are in Ponta Delgada, ready to help you at any time.\",\"breadcrumb\":{\"@id\":\"https:\/\/pauloverissimo.pt\/en\/about-us\/#breadcrumb\"},\"inLanguage\":\"en-US\",\"potentialAction\":[{\"@type\":\"ReadAction\",\"target\":[\"https:\/\/pauloverissimo.pt\/en\/about-us\/\"]}]},{\"@type\":\"BreadcrumbList\",\"@id\":\"https:\/\/pauloverissimo.pt\/en\/about-us\/#breadcrumb\",\"itemListElement\":[{\"@type\":\"ListItem\",\"position\":1,\"name\":\"Home\",\"item\":\"https:\/\/pauloverissimo.pt\/en\/\"},{\"@type\":\"ListItem\",\"position\":2,\"name\":\"About Us\"}]}]}<\/script>\n<!-- \/ Yoast SEO plugin. -->","yoast_head_json":{"title":"Accounting Services | Paulo Ver\u00edssimo - Certified Accountant in the Azores","description":"Find out more about our company and trust in our accounting services. We are in Ponta Delgada, ready to help you at any time.","robots":{"index":"index","follow":"follow","max-snippet":"max-snippet:-1","max-image-preview":"max-image-preview:large","max-video-preview":"max-video-preview:-1"},"canonical":"https:\/\/pauloverissimo.pt\/en\/about-us\/","og_locale":"en_US","og_type":"article","og_title":"Accounting Services | Paulo Ver\u00edssimo - Certified Accountant in the Azores","og_description":"Find out more about our company and trust in our accounting services. We are in Ponta Delgada, ready to help you at any time.","og_url":"https:\/\/pauloverissimo.pt\/en\/about-us\/","og_site_name":"Paulo Ver\u00edssimo - Contabilista Certificado em S\u00e3o Miguel, A\u00e7ores","article_modified_time":"2022-07-26T12:48:19+00:00","twitter_card":"summary_large_image","schema":{"@context":"https:\/\/schema.org","@graph":[{"@type":"WebSite","@id":"https:\/\/pauloverissimo.pt\/#website","url":"https:\/\/pauloverissimo.pt\/","name":"Paulo Ver\u00edssimo - Contabilista Certificado em S\u00e3o Miguel, A\u00e7ores","description":"","potentialAction":[{"@type":"SearchAction","target":{"@type":"EntryPoint","urlTemplate":"https:\/\/pauloverissimo.pt\/?s={search_term_string}"},"query-input":"required name=search_term_string"}],"inLanguage":"en-US"},{"@type":"WebPage","@id":"https:\/\/pauloverissimo.pt\/en\/about-us\/#webpage","url":"https:\/\/pauloverissimo.pt\/en\/about-us\/","name":"Accounting Services | Paulo Ver\u00edssimo - Certified Accountant in the Azores","isPartOf":{"@id":"https:\/\/pauloverissimo.pt\/#website"},"datePublished":"2022-05-26T18:25:40+00:00","dateModified":"2022-07-26T12:48:19+00:00","description":"Find out more about our company and trust in our accounting services. We are in Ponta Delgada, ready to help you at any time.","breadcrumb":{"@id":"https:\/\/pauloverissimo.pt\/en\/about-us\/#breadcrumb"},"inLanguage":"en-US","potentialAction":[{"@type":"ReadAction","target":["https:\/\/pauloverissimo.pt\/en\/about-us\/"]}]},{"@type":"BreadcrumbList","@id":"https:\/\/pauloverissimo.pt\/en\/about-us\/#breadcrumb","itemListElement":[{"@type":"ListItem","position":1,"name":"Home","item":"https:\/\/pauloverissimo.pt\/en\/"},{"@type":"ListItem","position":2,"name":"About Us"}]}]}},"_links":{"self":[{"href":"https:\/\/pauloverissimo.pt\/en\/wp-json\/wp\/v2\/pages\/956"}],"collection":[{"href":"https:\/\/pauloverissimo.pt\/en\/wp-json\/wp\/v2\/pages"}],"about":[{"href":"https:\/\/pauloverissimo.pt\/en\/wp-json\/wp\/v2\/types\/page"}],"author":[{"embeddable":true,"href":"https:\/\/pauloverissimo.pt\/en\/wp-json\/wp\/v2\/users\/1"}],"replies":[{"embeddable":true,"href":"https:\/\/pauloverissimo.pt\/en\/wp-json\/wp\/v2\/comments?post=956"}],"version-history":[{"count":8,"href":"https:\/\/pauloverissimo.pt\/en\/wp-json\/wp\/v2\/pages\/956\/revisions"}],"predecessor-version":[{"id":1938,"href":"https:\/\/pauloverissimo.pt\/en\/wp-json\/wp\/v2\/pages\/956\/revisions\/1938"}],"wp:attachment":[{"href":"https:\/\/pauloverissimo.pt\/en\/wp-json\/wp\/v2\/media?parent=956"}],"curies":[{"name":"wp","href":"https:\/\/api.w.org\/{rel}","templated":true}]}}