{"id":2453,"date":"2022-05-30T10:04:40","date_gmt":"2022-05-30T10:04:40","guid":{"rendered":"https:\/\/pauloverissimo.pt\/termos-e-condicoes\/"},"modified":"2022-11-30T18:52:14","modified_gmt":"2022-11-30T18:52:14","slug":"geschaeftsbedingungen","status":"publish","type":"page","link":"https:\/\/pauloverissimo.pt\/de\/geschaeftsbedingungen\/","title":{"rendered":"Gesch\u00e4ftsbedingungen"},"content":{"rendered":"<p><strong>GESCH\u00c4FTSBEDINGUNGEN<\/strong><\/p>\n<p><strong>Allgemeine Bedingungen<\/strong><\/p>\n<p>1.1. Das Unternehmen Paulo C\u00e9sar De Sousa Ver\u00edssimo mit Sitz in R. Castelo Branco, N\u00ba 4-D, 9500-761 Ponta Delgada, juristische Person Nr. 236542583, die auch ihre Registrierungsnummer beim Handelsregisteramt von Ponta Delgada ist, ist verantwortlich f\u00fcr die Website www.pauloverissimo.pt (im Folgenden \u201eWebsite\u201c).<\/p>\n<p>1.2. Der Benutzer erkl\u00e4rt, dass er die hier beschriebenen Nutzungsbedingungen akzeptiert und in \u00dcbereinstimmung mit allen zuk\u00fcnftigen \u00c4nderungen handelt, da er den von Paulo C\u00e9sar De Sousa Ver\u00edssimo auf dieser Website bereitgestellten Dienst nutzt.<\/p>\n<p>1.3 In den hier erw\u00e4hnten Allgemeinen Gesch\u00e4ftsbedingungen beziehen wir uns immer dann, wenn die Begriffe \u201ewir\u201c oder \u201eunser\u201c verwendet werden, auf Paulo C\u00e9sar De Sousa Ver\u00edssimo oder www.pauloverissimo.pt. Wann immer wir \u201eSie\u201c oder \u201eIhr\u201c verwenden, beziehen wir uns auf jede Person, die www.pauloverissimo.pt verwendet.<\/p>\n<p>1.4. Durch den Zugriff auf und die Nutzung dieser Website unterliegen Sie den folgenden Allgemeinen Gesch\u00e4ftsbedingungen sowie unserer Datenschutzrichtlinie. Durch das Surfen auf der Website erkl\u00e4rt sich der Benutzer damit einverstanden, in \u00dcbereinstimmung mit diesen Allgemeinen Gesch\u00e4ftsbedingungen und Datenschutzrichtlinien zu handeln. Wenn Sie mit deren Inhalt nicht einverstanden sind, darf der Benutzer nicht auf die Website zugreifen und sie nutzen und muss den Zugriff und\/oder die Nutzung unverz\u00fcglich beenden.<\/p>\n<p>1.5. Der Kunde muss die Allgemeinen Gesch\u00e4ftsbedingungen bei jedem Zugriff auf die Website sorgf\u00e4ltig lesen.<\/p>\n<p>1.6. Wenn Sie gegen eine der hierin enthaltenen Bedingungen versto\u00dfen, erlischt Ihr Recht auf Zugriff und Nutzung dieser Website sofort.<\/p>\n<p>1.7. Die Inhalte dieser Website sind urheberrechtlich gesch\u00fctzt und Eigentum von Paulo C\u00e9sar De Sousa Ver\u00edssimo. Es ist nicht gestattet, es ohne unsere Zustimmung zu verwenden.<\/p>\n<p><strong>2. Haushalt<\/strong><\/p>\n<p>2.1. Jedes eingereichte Angebot ist 30 Tage ab dem Datum der Einreichung g\u00fcltig und kann nach diesem Zeitraum \u00fcberpr\u00fcft werden.<\/p>\n<p>2.2. Falls im gesendeten Angebot ein Fehler festgestellt wird, beh\u00e4lt sich Paulo C\u00e9sar De Sousa Ver\u00edssimo das Recht vor, diesen w\u00e4hrend seiner G\u00fcltigkeit (30 Tage) zu berichtigen.<\/p>\n<p>2.3. Jede \u00c4nderung auf Wunsch des Kunden, Service oder Aufwand, der nicht im urspr\u00fcnglichen Angebot angegeben wurde, ist mit zus\u00e4tzlichen Kosten verbunden.<\/p>\n<p>&nbsp;<\/p>\n<p><strong>3.Urheberrecht, Eigentum und Urheberrecht<\/strong><\/p>\n<p>3.1. Alle Inhalte dieser Website, die Texte, Design, Illustrationen, Logos, Video, Audio, Fotos und andere Elemente umfassen, sind gesetzlich gesch\u00fctzt, unter dem Code of Copyright and Related Rights. Sie d\u00fcrfen die Inhalte ohne unsere ausdr\u00fcckliche vorherige schriftliche Zustimmung nicht f\u00fcr \u00f6ffentliche oder kommerzielle Zwecke anzeigen, reproduzieren, verteilen, modifizieren, \u00fcbertragen oder verwenden.<\/p>\n<p>3.2. Die Inhalte dieser Website sind durch Urheberrechte und verwandte Schutzrechte, gewerbliche Schutzrechte und das Gesetz \u00fcber Computerkriminalit\u00e4t gesch\u00fctzt und Eigentum von Paulo C\u00e9sar De Sousa Ver\u00edssimo.<\/p>\n<p>3.3. Das Urheberrecht an der Arbeit wird erst dann Eigentum des Kunden, wenn es fertiggestellt, genehmigt und vollst\u00e4ndig bezahlt ist.<\/p>\n<p>3.4. Wir behalten uns vor, dem Kunden keine bearbeitbaren Dateien, Schriftarten oder andere Werkzeuge und Software zur Verf\u00fcgung zu stellen, die f\u00fcr die Herstellung der Werke erforderlich sind.<\/p>\n<p>3.5. <span style=\"font-weight: 400;\">Paulo C\u00e9sar De Sousa Ver\u00edssimo <\/span>beh\u00e4lt sich das Recht vor, rechtliche Schritte gegen die Urheber jeder nicht autorisierten Vervielf\u00e4ltigung, Vervielf\u00e4ltigung, Verbreitung oder kommerziellen Nutzung von Texten, Designs, Illustrationen, Logos, Videos, Audiodateien, Fotos und anderen Elementen einzuleiten, die nicht dem Kunden geh\u00f6ren .<\/p>\n<p>3.6. Der Auftraggeber ist daf\u00fcr verantwortlich, dass die von ihm f\u00fcr die Ausf\u00fchrung der Arbeiten gelieferten Materialien keine Urheberrechte oder gewerblichen Schutzrechte Dritter verletzen, und f\u00fcr alle Sch\u00e4den, die Paulo C\u00e9sar De Sousa Ver\u00edssimo durch die unsachgem\u00e4\u00dfe Verwendung derselben entstehen.<\/p>\n<p>&nbsp;<\/p>\n<p><strong>4. Online-Streitbeilegung<\/strong><\/p>\n<p>Die Europ\u00e4ische Union hat eine Website eingerichtet, um Verbraucher bei der Einreichung ihrer Beschwerden \u00fcber Streitigkeiten, an denen sie beteiligt sind, zu unterst\u00fctzen. In diesem Zusammenhang stellt <span style=\"font-weight: 400;\">Paulo C\u00e9sar De Sousa Ver\u00edssimo <\/span>alle Informationen bereit, damit Sie Ihr Recht aus\u00fcben k\u00f6nnen, sich bei einer offiziellen, dritten und unparteiischen Stelle (\u201eStreitbeilegungsstelle\u201c) zu beschweren, die Ihnen bei der Beilegung des betreffenden Streitfalls helfen wird.<\/p>\n<p>Wenn Sie also mit dem Kauf einer Ware oder Dienstleistung auf unserer Website oder mit der von uns vorgestellten L\u00f6sung zur L\u00f6sung des Problems unzufrieden sind, k\u00f6nnen Sie auf diese offizielle Website https:\/\/ec.europa.eu\/consumers\/odr\/ zugreifen. main \/index.cfm?event=main.home2.show&amp;lng=EN und formulieren Sie Ihren Widerspruch.<\/p>\n<p>4.1. Was ist alternative Streitbeilegung?<\/p>\n<p>Die alternative Streitbeilegung ist die M\u00f6glichkeit, die allen Verbrauchern zur Verf\u00fcgung steht, um sich an offizielle Stellen zu wenden, die ihnen bei der L\u00f6sung oder F\u00fchrung von Konflikten helfen, bevor sie streitige Verfahren vor Gericht einleiten.<\/p>\n<p>In der Regel ist das Verfahren wie folgt: Der Kunde bittet einen unparteiischen Dritten, zwischen ihm und dem H\u00e4ndler, der Gegenstand seiner Beschwerde ist, zu vermitteln. Der Vermittler kann eine L\u00f6sung f\u00fcr Ihre Beschwerde vorschlagen, beiden Parteien eine L\u00f6sung aufzwingen oder die Parteien zusammenbringen, um eine L\u00f6sung zu finden.<\/p>\n<p>Vielleicht kennen Sie den Begriff der alternativen Streitbeilegung unter einem anderen Namen: \u201eMediation\u201c, \u201eSchlichtung\u201c, \u201eSchlichtung\u201c oder \u201ezust\u00e4ndige Kommission im Rahmen von Verbraucherstreitigkeiten\u201c.<\/p>\n<p>Alternative Streitbeilegung ist in der Regel kosteng\u00fcnstiger, weniger formell und schneller als der gerichtliche Weg.<\/p>\n<p>Vorschl\u00e4ge f\u00fcr alternative Streitbeilegungsstellen:<\/p>\n<p>CNIACC &#8211; Nationales Zentrum f\u00fcr Information und Schlichtung von Verbraucherstreitigkeiten<\/p>\n<p><a href=\"http:\/\/www.arbitragemdeconsumo.org\/\">http:\/\/www.arbitragemdeconsumo.org\/<\/a><\/p>\n<p>&nbsp;<\/p>\n<p>Schlichtungszentrum f\u00fcr Verbraucherstreitigkeiten in Lissabon<\/p>\n<p><a href=\"http:\/\/www.centroarbitragemlisboa.pt\/\">http:\/\/www.centroarbitragemlisboa.pt\/<\/a><\/p>\n<p>&nbsp;<\/p>\n<p>Vale do Ave Schlichtungszentrum f\u00fcr Verbraucherstreitigkeiten\/Schiedsgericht<\/p>\n<p><a href=\"http:\/\/www.triave.pt\/\">http:\/\/www.triave.pt\/<\/a><\/p>\n<p>&nbsp;<\/p>\n<p>CIAB \u2013 Verbraucherinformations-, Vermittlungs- und Schiedszentrum (Verbraucherschiedsgericht)<\/p>\n<p><a href=\"http:\/\/www.ciab.pt\/pt\/\">http:\/\/www.ciab.pt\/pt\/<\/a><\/p>\n<p>&nbsp;<\/p>\n<p>CIMPAS \u2013 Zentrum f\u00fcr Versicherungsinformationen, Mediation und Ombudsmann<\/p>\n<p><a href=\"https:\/\/www.cimpas.pt\/\">https:\/\/www.cimpas.pt\/<\/a><\/p>\n<p>&nbsp;<\/p>\n<p><strong>5. Zul\u00e4ssige Nutzung\/Verbotene Aktivit\u00e4ten<\/strong><\/p>\n<p>Der Zugriff und die Nutzung dieser Website ist nur f\u00fcr pers\u00f6nliche und nicht kommerzielle Zwecke gestattet, d. h. die Website sollte nur von Privatpersonen oder einem Unternehmen, das beabsichtigt, unsere Dienstleistungen\/Produkte oder Unternehmen in seinem Namen zu erwerben, aufgerufen und genutzt werden.<\/p>\n<p>Jegliche Aktivit\u00e4ten, die wir als unangemessen erachten und\/oder die nach dem f\u00fcr diese Website geltenden Recht wahrscheinlich illegal sind, sind untersagt, einschlie\u00dflich, aber nicht beschr\u00e4nkt auf:<\/p>\n<p>5.1. Eine andere Person oder ein anderes Unternehmen zu verletzen, zu missbrauchen, zu diffamieren, zu bedrohen oder zu bel\u00e4stigen oder auf eine Weise, die in die Privatsph\u00e4re einer anderen Person eindringt oder obsz\u00f6n, beleidigend, hasserf\u00fcllt, unanst\u00e4ndig, unangemessen, anst\u00f6\u00dfig, inakzeptabel, diskriminierend oder sch\u00e4dlich ist.<\/p>\n<p>5.2. Handlungen, die eine Verletzung der Privatsph\u00e4re darstellen k\u00f6nnen, wie z. B. das Senden privater Informationen an diese Website ohne die Zustimmung der betroffenen Person oder andere gesetzliche Rechte nat\u00fcrlicher Personen.<\/p>\n<p>5.3. Senden Sie an diese Website Dateien, die Viren enthalten, die das Eigentum von Paulo C\u00e9sar De Sousa Ver\u00edssimo oder das Eigentum von Einzelpersonen besch\u00e4digen oder einen Teil der Website \u00e4ndern oder zur\u00fcckentwickeln k\u00f6nnen.<\/p>\n<p>5.4. Verwenden Sie jede Art von automatischen Computercodes, Prozessen, Programmen, Robotern, Internet-Crawlern, Spidern, Datenprozessoren, Drag- oder Screen-Scraping-Alternativen zu Computercodes, Prozessen, Programmen oder Systemen.<\/p>\n<p>5.5. Es ist ausdr\u00fccklich untersagt, die Website f\u00fcr illegale Zwecke oder andere Zwecke zu verwenden, die unserem Image nicht w\u00fcrdig sind. Die Usurpation, F\u00e4lschung, Verwendung von usurpierten oder gef\u00e4lschten Inhalten, illegitime Identifizierung und unlauterer Wettbewerb sind strafbar.<\/p>\n<p>&nbsp;<\/p>\n<p><strong>6. Inhalt und Garantien<\/strong><\/p>\n<p>6.1. Die Informationen auf dieser Website wurden nach bestem Wissen und Gewissen aufgenommen und dienen ausschlie\u00dflich der allgemeinen Information, ihre Nutzung erfolgt auf alleinige Gefahr des Nutzers.<\/p>\n<p>6.2. Diese Website und ihre Inhalte werden ohne Gew\u00e4hrleistung jeglicher Art zur Verf\u00fcgung gestellt, d. h. es wird keine Garantie gegeben, dass der Zugriff auf diese Website ununterbrochen oder fehlerfrei, frei von Viren oder anderen sch\u00e4dlichen Materialien ist oder dass die auf dieser Website enthaltenen Informationen vollst\u00e4ndig sind, genau oder zeitnah.<\/p>\n<p>6.3. Paulo C\u00e9sar De Sousa Ver\u00edssimo beh\u00e4lt sich das Recht vor, \u00c4nderungen und Korrekturen vorzunehmen, die Website auszusetzen oder zu schlie\u00dfen, wenn dies angemessen erscheint und ohne dass eine vorherige Ank\u00fcndigung erforderlich ist.<\/p>\n<p>6.4. Paulo C\u00e9sar De Sousa Ver\u00edssimo filtert oder \u00fcberwacht zuvor nicht die von Dritten an diese Website \u00fcbermittelten Inhalte und ist nicht f\u00fcr die Filterung oder \u00dcberwachung von Inhalten dieser Art verantwortlich.<\/p>\n<p>6.5. Bei entsprechender Benachrichtigung kann Paulo C\u00e9sar De Sousa Ver\u00edssimo einer Behauptung nachgehen, dass an diese Website \u00fcbermittelter Inhalt gegen die Allgemeinen Gesch\u00e4ftsbedingungen verst\u00f6\u00dft, und entscheiden, ob die Informationen von dieser Website entfernt werden sollen.<\/p>\n<p>6.6. Paulo C\u00e9sar De Sousa Ver\u00edssimo \u00fcbernimmt keine Verantwortung oder Haftung f\u00fcr Aktionen oder Inhalte, die vom oder zwischen dem Benutzer oder Dritten innerhalb oder au\u00dferhalb dieser Website \u00fcbertragen werden.<\/p>\n<p><strong>7.Haftung, Nutzung und Risiko<\/strong><\/p>\n<p>7.1. Die Art und Weise, wie Sie diese Website und deren Inhalt nutzen, liegt allein in Ihrer Verantwortung und Ihrem Risiko.<\/p>\n<p>7.2. Paulo C\u00e9sar De Sousa Ver\u00edssimo und alle seine gesetzlichen Vertreter, Direktoren, Mitarbeiter und Vertreter sowie alle anderen Parteien, die an der Erstellung, Produktion, Wartung oder Implementierung dieser Website beteiligt sind, haften gegen\u00fcber keinem Benutzer der Website f\u00fcr alle m\u00f6glichen Sch\u00e4den, Sch\u00e4den oder Verletzungen (einschlie\u00dflich entgangenen Gewinns und moralischer, indirekter, zuf\u00e4lliger oder Folgesch\u00e4den), die sich aus der korrekten oder falschen Verwendung dieser Website und ihrer Inhalte ergeben, Zugriff auf den Computer oder das Computersystem des Benutzers durch Dritte, Viren , etc.<\/p>\n<p>Diese Website enth\u00e4lt Links zu Websites Dritter. Diese Links werden ausschlie\u00dflich zu Ihrer Bequemlichkeit und Zug\u00e4nglichkeit bereitgestellt. Wir billigen den Inhalt dieser Websites Dritter nicht und sind f\u00fcr den Inhalt dieser Websites nicht verantwortlich. Der Zugriff auf und der Besuch einer dieser Websites Dritter erfolgt auf eigenes Risiko des Benutzers.<\/p>\n<p>&nbsp;<\/p>\n<p><strong>8. Gerichtsstand und anwendbares Recht<\/strong><\/p>\n<p>Paulo C\u00e9sar De Sousa Ver\u00edssimo und der Benutzer dieser Website akzeptieren vorbehaltlos, dass alle Streitigkeiten oder Streitigkeiten, die sich aus der Nutzung dieser Website ergeben, dem portugiesischen Recht unterliegen.<\/p>\n<p>Zuletzt aktualisiert am: 11.03.2021<\/p>\n","protected":false},"excerpt":{"rendered":"<p>GESCH\u00c4FTSBEDINGUNGEN Allgemeine Bedingungen 1.1. Das Unternehmen Paulo C\u00e9sar De Sousa Ver\u00edssimo mit Sitz in R. Castelo Branco, N\u00ba 4-D, 9500-761 Ponta Delgada, juristische Person Nr. 236542583, die auch ihre Registrierungsnummer beim Handelsregisteramt von Ponta Delgada ist, ist verantwortlich f\u00fcr die Website www.pauloverissimo.pt (im Folgenden \u201eWebsite\u201c). 1.2. Der Benutzer erkl\u00e4rt, dass er die hier beschriebenen Nutzungsbedingungen<\/p>\n","protected":false},"author":1,"featured_media":0,"parent":0,"menu_order":0,"comment_status":"closed","ping_status":"closed","template":"","meta":[],"acf":[],"yoast_head":"<!-- This site is optimized with the Yoast SEO plugin v18.9 - https:\/\/yoast.com\/wordpress\/plugins\/seo\/ -->\n<title>Gesch\u00e4ftsbedingungen | Paulo Ver\u00edssimo - Zertifizierter Buchhalter<\/title>\n<meta name=\"description\" content=\"Lesen Sie unsere Allgemeinen Gesch\u00e4ftsbedingungen, bevor Sie unsere Website nutzen. In unserem Unternehmen denken wir an das Beste f\u00fcr Sie.\" \/>\n<meta name=\"robots\" content=\"index, follow, max-snippet:-1, max-image-preview:large, max-video-preview:-1\" \/>\n<link rel=\"canonical\" href=\"https:\/\/pauloverissimo.pt\/de\/geschaeftsbedingungen\/\" \/>\n<meta property=\"og:locale\" content=\"de_DE\" \/>\n<meta property=\"og:type\" content=\"article\" \/>\n<meta property=\"og:title\" content=\"Gesch\u00e4ftsbedingungen | Paulo Ver\u00edssimo - Zertifizierter Buchhalter\" \/>\n<meta property=\"og:description\" content=\"Lesen Sie unsere Allgemeinen Gesch\u00e4ftsbedingungen, bevor Sie unsere Website nutzen. In unserem Unternehmen denken wir an das Beste f\u00fcr Sie.\" \/>\n<meta property=\"og:url\" content=\"https:\/\/pauloverissimo.pt\/de\/geschaeftsbedingungen\/\" \/>\n<meta property=\"og:site_name\" content=\"Paulo Ver\u00edssimo - Contabilista Certificado em S\u00e3o Miguel, A\u00e7ores\" \/>\n<meta property=\"article:modified_time\" content=\"2022-11-30T18:52:14+00:00\" \/>\n<meta name=\"twitter:card\" content=\"summary_large_image\" \/>\n<meta name=\"twitter:label1\" content=\"Gesch\u00e4tzte Lesezeit\" \/>\n\t<meta name=\"twitter:data1\" content=\"9 Minuten\" \/>\n<script type=\"application\/ld+json\" class=\"yoast-schema-graph\">{\"@context\":\"https:\/\/schema.org\",\"@graph\":[{\"@type\":\"WebSite\",\"@id\":\"https:\/\/pauloverissimo.pt\/#website\",\"url\":\"https:\/\/pauloverissimo.pt\/\",\"name\":\"Paulo Ver\u00edssimo - Contabilista Certificado em S\u00e3o Miguel, A\u00e7ores\",\"description\":\"\",\"potentialAction\":[{\"@type\":\"SearchAction\",\"target\":{\"@type\":\"EntryPoint\",\"urlTemplate\":\"https:\/\/pauloverissimo.pt\/?s={search_term_string}\"},\"query-input\":\"required name=search_term_string\"}],\"inLanguage\":\"de-DE\"},{\"@type\":\"WebPage\",\"@id\":\"https:\/\/pauloverissimo.pt\/de\/geschaeftsbedingungen\/#webpage\",\"url\":\"https:\/\/pauloverissimo.pt\/de\/geschaeftsbedingungen\/\",\"name\":\"Gesch\u00e4ftsbedingungen | Paulo Ver\u00edssimo - Zertifizierter Buchhalter\",\"isPartOf\":{\"@id\":\"https:\/\/pauloverissimo.pt\/#website\"},\"datePublished\":\"2022-05-30T10:04:40+00:00\",\"dateModified\":\"2022-11-30T18:52:14+00:00\",\"description\":\"Lesen Sie unsere Allgemeinen Gesch\u00e4ftsbedingungen, bevor Sie unsere Website nutzen. In unserem Unternehmen denken wir an das Beste f\u00fcr Sie.\",\"breadcrumb\":{\"@id\":\"https:\/\/pauloverissimo.pt\/de\/geschaeftsbedingungen\/#breadcrumb\"},\"inLanguage\":\"de-DE\",\"potentialAction\":[{\"@type\":\"ReadAction\",\"target\":[\"https:\/\/pauloverissimo.pt\/de\/geschaeftsbedingungen\/\"]}]},{\"@type\":\"BreadcrumbList\",\"@id\":\"https:\/\/pauloverissimo.pt\/de\/geschaeftsbedingungen\/#breadcrumb\",\"itemListElement\":[{\"@type\":\"ListItem\",\"position\":1,\"name\":\"Home\",\"item\":\"https:\/\/pauloverissimo.pt\/de\/\"},{\"@type\":\"ListItem\",\"position\":2,\"name\":\"Gesch\u00e4ftsbedingungen\"}]}]}<\/script>\n<!-- \/ Yoast SEO plugin. -->","yoast_head_json":{"title":"Gesch\u00e4ftsbedingungen | Paulo Ver\u00edssimo - Zertifizierter Buchhalter","description":"Lesen Sie unsere Allgemeinen Gesch\u00e4ftsbedingungen, bevor Sie unsere Website nutzen. In unserem Unternehmen denken wir an das Beste f\u00fcr Sie.","robots":{"index":"index","follow":"follow","max-snippet":"max-snippet:-1","max-image-preview":"max-image-preview:large","max-video-preview":"max-video-preview:-1"},"canonical":"https:\/\/pauloverissimo.pt\/de\/geschaeftsbedingungen\/","og_locale":"de_DE","og_type":"article","og_title":"Gesch\u00e4ftsbedingungen | Paulo Ver\u00edssimo - Zertifizierter Buchhalter","og_description":"Lesen Sie unsere Allgemeinen Gesch\u00e4ftsbedingungen, bevor Sie unsere Website nutzen. In unserem Unternehmen denken wir an das Beste f\u00fcr Sie.","og_url":"https:\/\/pauloverissimo.pt\/de\/geschaeftsbedingungen\/","og_site_name":"Paulo Ver\u00edssimo - Contabilista Certificado em S\u00e3o Miguel, A\u00e7ores","article_modified_time":"2022-11-30T18:52:14+00:00","twitter_card":"summary_large_image","twitter_misc":{"Gesch\u00e4tzte Lesezeit":"9 Minuten"},"schema":{"@context":"https:\/\/schema.org","@graph":[{"@type":"WebSite","@id":"https:\/\/pauloverissimo.pt\/#website","url":"https:\/\/pauloverissimo.pt\/","name":"Paulo Ver\u00edssimo - Contabilista Certificado em S\u00e3o Miguel, A\u00e7ores","description":"","potentialAction":[{"@type":"SearchAction","target":{"@type":"EntryPoint","urlTemplate":"https:\/\/pauloverissimo.pt\/?s={search_term_string}"},"query-input":"required name=search_term_string"}],"inLanguage":"de-DE"},{"@type":"WebPage","@id":"https:\/\/pauloverissimo.pt\/de\/geschaeftsbedingungen\/#webpage","url":"https:\/\/pauloverissimo.pt\/de\/geschaeftsbedingungen\/","name":"Gesch\u00e4ftsbedingungen | Paulo Ver\u00edssimo - Zertifizierter Buchhalter","isPartOf":{"@id":"https:\/\/pauloverissimo.pt\/#website"},"datePublished":"2022-05-30T10:04:40+00:00","dateModified":"2022-11-30T18:52:14+00:00","description":"Lesen Sie unsere Allgemeinen Gesch\u00e4ftsbedingungen, bevor Sie unsere Website nutzen. In unserem Unternehmen denken wir an das Beste f\u00fcr Sie.","breadcrumb":{"@id":"https:\/\/pauloverissimo.pt\/de\/geschaeftsbedingungen\/#breadcrumb"},"inLanguage":"de-DE","potentialAction":[{"@type":"ReadAction","target":["https:\/\/pauloverissimo.pt\/de\/geschaeftsbedingungen\/"]}]},{"@type":"BreadcrumbList","@id":"https:\/\/pauloverissimo.pt\/de\/geschaeftsbedingungen\/#breadcrumb","itemListElement":[{"@type":"ListItem","position":1,"name":"Home","item":"https:\/\/pauloverissimo.pt\/de\/"},{"@type":"ListItem","position":2,"name":"Gesch\u00e4ftsbedingungen"}]}]}},"_links":{"self":[{"href":"https:\/\/pauloverissimo.pt\/de\/wp-json\/wp\/v2\/pages\/2453"}],"collection":[{"href":"https:\/\/pauloverissimo.pt\/de\/wp-json\/wp\/v2\/pages"}],"about":[{"href":"https:\/\/pauloverissimo.pt\/de\/wp-json\/wp\/v2\/types\/page"}],"author":[{"embeddable":true,"href":"https:\/\/pauloverissimo.pt\/de\/wp-json\/wp\/v2\/users\/1"}],"replies":[{"embeddable":true,"href":"https:\/\/pauloverissimo.pt\/de\/wp-json\/wp\/v2\/comments?post=2453"}],"version-history":[{"count":6,"href":"https:\/\/pauloverissimo.pt\/de\/wp-json\/wp\/v2\/pages\/2453\/revisions"}],"predecessor-version":[{"id":2575,"href":"https:\/\/pauloverissimo.pt\/de\/wp-json\/wp\/v2\/pages\/2453\/revisions\/2575"}],"wp:attachment":[{"href":"https:\/\/pauloverissimo.pt\/de\/wp-json\/wp\/v2\/media?parent=2453"}],"curies":[{"name":"wp","href":"https:\/\/api.w.org\/{rel}","templated":true}]}}