{"id":2425,"date":"2022-05-26T18:32:43","date_gmt":"2022-05-26T18:32:43","guid":{"rendered":"https:\/\/pauloverissimo.pt\/candidate-se\/"},"modified":"2022-12-02T13:31:33","modified_gmt":"2022-12-02T13:31:33","slug":"bewerben-bei","status":"publish","type":"page","link":"https:\/\/pauloverissimo.pt\/de\/bewerben-bei\/","title":{"rendered":"Bewerben bei"},"content":{"rendered":"","protected":false},"excerpt":{"rendered":"","protected":false},"author":1,"featured_media":0,"parent":0,"menu_order":0,"comment_status":"closed","ping_status":"closed","template":"template-candidatura.php","meta":[],"acf":[],"yoast_head":"<!-- This site is optimized with the Yoast SEO plugin v18.9 - https:\/\/yoast.com\/wordpress\/plugins\/seo\/ -->\n<title>Bewerben bei und werden Sie einer unserer Buchhalter! | Paulo Ver\u00edssimo<\/title>\n<meta name=\"description\" content=\"Werden Sie Teil unseres professionellen und multidisziplin\u00e4ren Buchhaltungsteams! Bewerben Sie sich und machen Sie sich bereit.\" \/>\n<meta name=\"robots\" content=\"index, follow, max-snippet:-1, max-image-preview:large, max-video-preview:-1\" \/>\n<link rel=\"canonical\" href=\"https:\/\/pauloverissimo.pt\/de\/bewerben-bei\/\" \/>\n<meta property=\"og:locale\" content=\"de_DE\" \/>\n<meta property=\"og:type\" content=\"article\" \/>\n<meta property=\"og:title\" content=\"Bewerben bei und werden Sie einer unserer Buchhalter! | Paulo Ver\u00edssimo\" \/>\n<meta property=\"og:description\" content=\"Werden Sie Teil unseres professionellen und multidisziplin\u00e4ren Buchhaltungsteams! Bewerben Sie sich und machen Sie sich bereit.\" \/>\n<meta property=\"og:url\" content=\"https:\/\/pauloverissimo.pt\/de\/bewerben-bei\/\" \/>\n<meta property=\"og:site_name\" content=\"Paulo Ver\u00edssimo - Contabilista Certificado em S\u00e3o Miguel, A\u00e7ores\" \/>\n<meta property=\"article:modified_time\" content=\"2022-12-02T13:31:33+00:00\" \/>\n<meta name=\"twitter:card\" content=\"summary_large_image\" \/>\n<script type=\"application\/ld+json\" class=\"yoast-schema-graph\">{\"@context\":\"https:\/\/schema.org\",\"@graph\":[{\"@type\":\"WebSite\",\"@id\":\"https:\/\/pauloverissimo.pt\/#website\",\"url\":\"https:\/\/pauloverissimo.pt\/\",\"name\":\"Paulo Ver\u00edssimo - Contabilista Certificado em S\u00e3o Miguel, A\u00e7ores\",\"description\":\"\",\"potentialAction\":[{\"@type\":\"SearchAction\",\"target\":{\"@type\":\"EntryPoint\",\"urlTemplate\":\"https:\/\/pauloverissimo.pt\/?s={search_term_string}\"},\"query-input\":\"required name=search_term_string\"}],\"inLanguage\":\"de-DE\"},{\"@type\":\"WebPage\",\"@id\":\"https:\/\/pauloverissimo.pt\/de\/bewerben-bei\/#webpage\",\"url\":\"https:\/\/pauloverissimo.pt\/de\/bewerben-bei\/\",\"name\":\"Bewerben bei und werden Sie einer unserer Buchhalter! | Paulo Ver\u00edssimo\",\"isPartOf\":{\"@id\":\"https:\/\/pauloverissimo.pt\/#website\"},\"datePublished\":\"2022-05-26T18:32:43+00:00\",\"dateModified\":\"2022-12-02T13:31:33+00:00\",\"description\":\"Werden Sie Teil unseres professionellen und multidisziplin\u00e4ren Buchhaltungsteams! Bewerben Sie sich und machen Sie sich bereit.\",\"breadcrumb\":{\"@id\":\"https:\/\/pauloverissimo.pt\/de\/bewerben-bei\/#breadcrumb\"},\"inLanguage\":\"de-DE\",\"potentialAction\":[{\"@type\":\"ReadAction\",\"target\":[\"https:\/\/pauloverissimo.pt\/de\/bewerben-bei\/\"]}]},{\"@type\":\"BreadcrumbList\",\"@id\":\"https:\/\/pauloverissimo.pt\/de\/bewerben-bei\/#breadcrumb\",\"itemListElement\":[{\"@type\":\"ListItem\",\"position\":1,\"name\":\"Home\",\"item\":\"https:\/\/pauloverissimo.pt\/de\/\"},{\"@type\":\"ListItem\",\"position\":2,\"name\":\"Bewerben bei\"}]}]}<\/script>\n<!-- \/ Yoast SEO plugin. -->","yoast_head_json":{"title":"Bewerben bei und werden Sie einer unserer Buchhalter! | Paulo Ver\u00edssimo","description":"Werden Sie Teil unseres professionellen und multidisziplin\u00e4ren Buchhaltungsteams! Bewerben Sie sich und machen Sie sich bereit.","robots":{"index":"index","follow":"follow","max-snippet":"max-snippet:-1","max-image-preview":"max-image-preview:large","max-video-preview":"max-video-preview:-1"},"canonical":"https:\/\/pauloverissimo.pt\/de\/bewerben-bei\/","og_locale":"de_DE","og_type":"article","og_title":"Bewerben bei und werden Sie einer unserer Buchhalter! | Paulo Ver\u00edssimo","og_description":"Werden Sie Teil unseres professionellen und multidisziplin\u00e4ren Buchhaltungsteams! Bewerben Sie sich und machen Sie sich bereit.","og_url":"https:\/\/pauloverissimo.pt\/de\/bewerben-bei\/","og_site_name":"Paulo Ver\u00edssimo - Contabilista Certificado em S\u00e3o Miguel, A\u00e7ores","article_modified_time":"2022-12-02T13:31:33+00:00","twitter_card":"summary_large_image","schema":{"@context":"https:\/\/schema.org","@graph":[{"@type":"WebSite","@id":"https:\/\/pauloverissimo.pt\/#website","url":"https:\/\/pauloverissimo.pt\/","name":"Paulo Ver\u00edssimo - Contabilista Certificado em S\u00e3o Miguel, A\u00e7ores","description":"","potentialAction":[{"@type":"SearchAction","target":{"@type":"EntryPoint","urlTemplate":"https:\/\/pauloverissimo.pt\/?s={search_term_string}"},"query-input":"required name=search_term_string"}],"inLanguage":"de-DE"},{"@type":"WebPage","@id":"https:\/\/pauloverissimo.pt\/de\/bewerben-bei\/#webpage","url":"https:\/\/pauloverissimo.pt\/de\/bewerben-bei\/","name":"Bewerben bei und werden Sie einer unserer Buchhalter! | Paulo Ver\u00edssimo","isPartOf":{"@id":"https:\/\/pauloverissimo.pt\/#website"},"datePublished":"2022-05-26T18:32:43+00:00","dateModified":"2022-12-02T13:31:33+00:00","description":"Werden Sie Teil unseres professionellen und multidisziplin\u00e4ren Buchhaltungsteams! Bewerben Sie sich und machen Sie sich bereit.","breadcrumb":{"@id":"https:\/\/pauloverissimo.pt\/de\/bewerben-bei\/#breadcrumb"},"inLanguage":"de-DE","potentialAction":[{"@type":"ReadAction","target":["https:\/\/pauloverissimo.pt\/de\/bewerben-bei\/"]}]},{"@type":"BreadcrumbList","@id":"https:\/\/pauloverissimo.pt\/de\/bewerben-bei\/#breadcrumb","itemListElement":[{"@type":"ListItem","position":1,"name":"Home","item":"https:\/\/pauloverissimo.pt\/de\/"},{"@type":"ListItem","position":2,"name":"Bewerben bei"}]}]}},"_links":{"self":[{"href":"https:\/\/pauloverissimo.pt\/de\/wp-json\/wp\/v2\/pages\/2425"}],"collection":[{"href":"https:\/\/pauloverissimo.pt\/de\/wp-json\/wp\/v2\/pages"}],"about":[{"href":"https:\/\/pauloverissimo.pt\/de\/wp-json\/wp\/v2\/types\/page"}],"author":[{"embeddable":true,"href":"https:\/\/pauloverissimo.pt\/de\/wp-json\/wp\/v2\/users\/1"}],"replies":[{"embeddable":true,"href":"https:\/\/pauloverissimo.pt\/de\/wp-json\/wp\/v2\/comments?post=2425"}],"version-history":[{"count":2,"href":"https:\/\/pauloverissimo.pt\/de\/wp-json\/wp\/v2\/pages\/2425\/revisions"}],"predecessor-version":[{"id":2435,"href":"https:\/\/pauloverissimo.pt\/de\/wp-json\/wp\/v2\/pages\/2425\/revisions\/2435"}],"wp:attachment":[{"href":"https:\/\/pauloverissimo.pt\/de\/wp-json\/wp\/v2\/media?parent=2425"}],"curies":[{"name":"wp","href":"https:\/\/api.w.org\/{rel}","templated":true}]}}